{"id":51466,"date":"2025-11-10T19:11:26","date_gmt":"2025-11-10T18:11:26","guid":{"rendered":"https:\/\/www.ernstbrunn-apotheke.at\/katalog\/produkt\/magnomed-magnesium-kalium-sticks\/"},"modified":"2025-12-08T16:45:41","modified_gmt":"2025-12-08T15:45:41","slug":"magnomed-magnesium-kalium-sticks","status":"publish","type":"product","link":"https:\/\/www.ernstbrunn-apotheke.at\/katalog\/produkt\/magnomed-magnesium-kalium-sticks\/","title":{"rendered":"Magnomed Magnesium-Kalium Sticks"},"content":{"rendered":"<p>Magnomed Magnesium-Kalium Sticks zur di\u00e4tischen Behandlung von neuromuskul\u00e4ren St\u00f6rungen und Wadenkr\u00e4mpfen bedingt durch Magnesiummangel.<\/p>\n","protected":false},"excerpt":{"rendered":"<p>Magnomed Magnesium-Kalium Sticks zur di\u00e4tischen Behandlung von neuromuskul\u00e4ren St\u00f6rungen und Wadenkr\u00e4mpfen bedingt durch Magnesiummangel.<\/p>\n","protected":false},"featured_media":51468,"template":"","meta":{"_acf_changed":false},"product_brand":[],"product_cat":[800],"product_tag":[],"class_list":{"0":"post-51466","1":"product","2":"type-product","3":"status-publish","4":"has-post-thumbnail","6":"product_cat-m","7":"pa_packungsgroesse-20-stueck","8":"pa_packungsgroesse-40-stueck","10":"first","11":"instock","12":"shipping-taxable","13":"purchasable","14":"product-type-simple"},"acf":[],"_links":{"self":[{"href":"https:\/\/www.ernstbrunn-apotheke.at\/katalog\/wp-json\/wp\/v2\/product\/51466","targetHints":{"allow":["GET"]}}],"collection":[{"href":"https:\/\/www.ernstbrunn-apotheke.at\/katalog\/wp-json\/wp\/v2\/product"}],"about":[{"href":"https:\/\/www.ernstbrunn-apotheke.at\/katalog\/wp-json\/wp\/v2\/types\/product"}],"wp:featuredmedia":[{"embeddable":true,"href":"https:\/\/www.ernstbrunn-apotheke.at\/katalog\/wp-json\/wp\/v2\/media\/51468"}],"wp:attachment":[{"href":"https:\/\/www.ernstbrunn-apotheke.at\/katalog\/wp-json\/wp\/v2\/media?parent=51466"}],"wp:term":[{"taxonomy":"product_brand","embeddable":true,"href":"https:\/\/www.ernstbrunn-apotheke.at\/katalog\/wp-json\/wp\/v2\/product_brand?post=51466"},{"taxonomy":"product_cat","embeddable":true,"href":"https:\/\/www.ernstbrunn-apotheke.at\/katalog\/wp-json\/wp\/v2\/product_cat?post=51466"},{"taxonomy":"product_tag","embeddable":true,"href":"https:\/\/www.ernstbrunn-apotheke.at\/katalog\/wp-json\/wp\/v2\/product_tag?post=51466"}],"curies":[{"name":"wp","href":"https:\/\/api.w.org\/{rel}","templated":true}]}}