{"id":51446,"date":"2025-11-10T19:10:33","date_gmt":"2025-11-10T18:10:33","guid":{"rendered":"https:\/\/www.ernstbrunn-apotheke.at\/katalog\/produkt\/pure-encapsulations-coenzym-q10-30-mg-60-stk\/"},"modified":"2025-12-08T16:45:37","modified_gmt":"2025-12-08T15:45:37","slug":"pure-encapsulations-coenzym-q10-30-mg-60-stk","status":"publish","type":"product","link":"https:\/\/www.ernstbrunn-apotheke.at\/katalog\/produkt\/pure-encapsulations-coenzym-q10-30-mg-60-stk\/","title":{"rendered":"Pure Encapsulations Coenzym Q10 30 mg 60 Stk."},"content":{"rendered":"<p>Coenzym Q10 (CoQ10) wird zu den fettl\u00f6slichen Vitaminoidengez\u00e4hlt und kommt besonders in den Mitochondrien der Zellstrukturenvon Organen mit hohem Energiebedarf in entsprechenderKonzentration vor. Coenzym Q10 wird vom K\u00f6rper auch selbst produziert\u2013 diese F\u00e4higkeit nimmt jedoch mit zunehmendem Alter ab,weshalb eine ausreichende Zufuhr \u00fcber die Ern\u00e4hrung besondersab dem 30. Lebensjahr wichtig wird. Pure Encapsulations\u00ae CoQ10wird \u00fcber einen Biofermentationsprozess gewonnen und liefertdadurch ausschlie\u00dflich die biologisch aktive Form.Das Produkt basiert auf hochwertigen, naturidenten Reinsubstanzen.H\u00f6chstm\u00f6gliche Qualit\u00e4tsstandards garantieren, dass dieverwendeten Inhaltsstoffe maximal vertr\u00e4glich sind und eine optimaleBioverf\u00fcgbarkeit aufweisen. Deshalb gelten wir auch weltweitals das Original bei Reinsubstanzen. Zum leichten Leben bedarf eswenig. Pure Encapsulations\u00ae CoQ10 ist laktosefrei, fruktosefrei undglutenfrei. Auch auf k\u00fcnstliche Farb- und Geschmacksstoffe hatman bei Pure Encapsulations\u00ae verzichtet.<\/p>\n","protected":false},"excerpt":{"rendered":"<p>Coenzym Q10 (CoQ10) wird zu den fettl\u00f6slichen Vitaminoidengez\u00e4hlt und kommt besonders in den Mitochondrien der Zellstrukturenvon Organen mit hohem Energiebedarf in entsprechenderKonzentration vor. Coenzym Q10 wird vom K\u00f6rper auch selbst produziert\u2013 diese F\u00e4higkeit nimmt jedoch mit zunehmendem Alter ab,weshalb eine ausreichende Zufuhr \u00fcber die Ern\u00e4hrung besondersab dem 30. Lebensjahr wichtig wird. Pure Encapsulations\u00ae CoQ10wird \u00fcber [&hellip;]<\/p>\n","protected":false},"featured_media":51448,"template":"","meta":{"_acf_changed":false},"product_brand":[336],"product_cat":[793],"product_tag":[],"class_list":{"0":"post-51446","1":"product","2":"type-product","3":"status-publish","4":"has-post-thumbnail","6":"product_brand-pure-encapsulations","7":"product_cat-p","8":"pa_packungsgroesse-120-stueck","9":"pa_packungsgroesse-60-stueck","11":"first","12":"instock","13":"shipping-taxable","14":"purchasable","15":"product-type-simple"},"acf":[],"_links":{"self":[{"href":"https:\/\/www.ernstbrunn-apotheke.at\/katalog\/wp-json\/wp\/v2\/product\/51446","targetHints":{"allow":["GET"]}}],"collection":[{"href":"https:\/\/www.ernstbrunn-apotheke.at\/katalog\/wp-json\/wp\/v2\/product"}],"about":[{"href":"https:\/\/www.ernstbrunn-apotheke.at\/katalog\/wp-json\/wp\/v2\/types\/product"}],"wp:featuredmedia":[{"embeddable":true,"href":"https:\/\/www.ernstbrunn-apotheke.at\/katalog\/wp-json\/wp\/v2\/media\/51448"}],"wp:attachment":[{"href":"https:\/\/www.ernstbrunn-apotheke.at\/katalog\/wp-json\/wp\/v2\/media?parent=51446"}],"wp:term":[{"taxonomy":"product_brand","embeddable":true,"href":"https:\/\/www.ernstbrunn-apotheke.at\/katalog\/wp-json\/wp\/v2\/product_brand?post=51446"},{"taxonomy":"product_cat","embeddable":true,"href":"https:\/\/www.ernstbrunn-apotheke.at\/katalog\/wp-json\/wp\/v2\/product_cat?post=51446"},{"taxonomy":"product_tag","embeddable":true,"href":"https:\/\/www.ernstbrunn-apotheke.at\/katalog\/wp-json\/wp\/v2\/product_tag?post=51446"}],"curies":[{"name":"wp","href":"https:\/\/api.w.org\/{rel}","templated":true}]}}