{"id":51399,"date":"2025-11-10T19:09:59","date_gmt":"2025-11-10T18:09:59","guid":{"rendered":"https:\/\/www.ernstbrunn-apotheke.at\/katalog\/produkt\/burgerstein-vitamin-c-komplex-plus-bioflavonoide-40-stk\/"},"modified":"2025-12-08T16:45:28","modified_gmt":"2025-12-08T15:45:28","slug":"burgerstein-vitamin-c-komplex-plus-bioflavonoide-40-stk","status":"publish","type":"product","link":"https:\/\/www.ernstbrunn-apotheke.at\/katalog\/produkt\/burgerstein-vitamin-c-komplex-plus-bioflavonoide-40-stk\/","title":{"rendered":"Burgerstein Vitamin C Komplex plus Bioflavonoide 40 Stk."},"content":{"rendered":"<p>Burgerstein Vitamin C-Komplex enth\u00e4lt nicht nur Vitamin C, sondern auch nat\u00fcrliche, bioaktive Pflanzenstoffe (Bioflavonoide) f\u00fcr die Erhaltung von gesunden Blutgef\u00e4ssen (Venen, Kapillaren, Arterien) und f\u00fcr alle bekannten Einsatzgebiete von Vitamin C.<\/p>\n","protected":false},"excerpt":{"rendered":"<p>Burgerstein Vitamin C-Komplex enth\u00e4lt nicht nur Vitamin C, sondern auch nat\u00fcrliche, bioaktive Pflanzenstoffe (Bioflavonoide) f\u00fcr die Erhaltung von gesunden Blutgef\u00e4ssen (Venen, Kapillaren, Arterien) und f\u00fcr alle bekannten Einsatzgebiete von Vitamin C.<\/p>\n","protected":false},"featured_media":51401,"template":"","meta":{"_acf_changed":false},"product_brand":[446],"product_cat":[802],"product_tag":[],"class_list":{"0":"post-51399","1":"product","2":"type-product","3":"status-publish","4":"has-post-thumbnail","6":"product_brand-burgerstein","7":"product_cat-b","8":"pa_packungsgroesse-40-stueck","10":"first","11":"instock","12":"shipping-taxable","13":"purchasable","14":"product-type-simple"},"acf":[],"_links":{"self":[{"href":"https:\/\/www.ernstbrunn-apotheke.at\/katalog\/wp-json\/wp\/v2\/product\/51399","targetHints":{"allow":["GET"]}}],"collection":[{"href":"https:\/\/www.ernstbrunn-apotheke.at\/katalog\/wp-json\/wp\/v2\/product"}],"about":[{"href":"https:\/\/www.ernstbrunn-apotheke.at\/katalog\/wp-json\/wp\/v2\/types\/product"}],"wp:featuredmedia":[{"embeddable":true,"href":"https:\/\/www.ernstbrunn-apotheke.at\/katalog\/wp-json\/wp\/v2\/media\/51401"}],"wp:attachment":[{"href":"https:\/\/www.ernstbrunn-apotheke.at\/katalog\/wp-json\/wp\/v2\/media?parent=51399"}],"wp:term":[{"taxonomy":"product_brand","embeddable":true,"href":"https:\/\/www.ernstbrunn-apotheke.at\/katalog\/wp-json\/wp\/v2\/product_brand?post=51399"},{"taxonomy":"product_cat","embeddable":true,"href":"https:\/\/www.ernstbrunn-apotheke.at\/katalog\/wp-json\/wp\/v2\/product_cat?post=51399"},{"taxonomy":"product_tag","embeddable":true,"href":"https:\/\/www.ernstbrunn-apotheke.at\/katalog\/wp-json\/wp\/v2\/product_tag?post=51399"}],"curies":[{"name":"wp","href":"https:\/\/api.w.org\/{rel}","templated":true}]}}