{"id":51365,"date":"2025-11-10T19:08:59","date_gmt":"2025-11-10T18:08:59","guid":{"rendered":"https:\/\/www.ernstbrunn-apotheke.at\/katalog\/produkt\/oleovital-eisen-sachets-30-stk-classic\/"},"modified":"2025-12-08T16:45:22","modified_gmt":"2025-12-08T15:45:22","slug":"oleovital-eisen-sachets-30-stk-classic","status":"publish","type":"product","link":"https:\/\/www.ernstbrunn-apotheke.at\/katalog\/produkt\/oleovital-eisen-sachets-30-stk-classic\/","title":{"rendered":"Oleovital Eisen Sachets 30 Stk. Classic"},"content":{"rendered":"<p>OLEOvital\u00ae EISEN CLASSIC ist ein Nahrungserg\u00e4nzungsmittel mit 12 mg Eisen pro Einzeldosis und kombinierten B-Vitaminen. Durch die einzigartige Formulierung wird das Eisen erst in der Leber freigesetzt, wodurch Reizungen im Magen und Darm vermieden werden. OLEOvital\u00ae EISEN CLASSIC ist ideal zur Deckung eines leicht erh\u00f6hten Eisenbedarfs (z.B. bei Jugendlichen) und \u00fcberzeugt durch sehr gute Vertr\u00e4glichkeit, hohe Bioverf\u00fcgbarkeit, praktische Einnahme und k\u00f6stlichen Geschmack.<\/p>\n","protected":false},"excerpt":{"rendered":"<p>OLEOvital\u00ae EISEN CLASSIC ist ein Nahrungserg\u00e4nzungsmittel mit 12 mg Eisen pro Einzeldosis und kombinierten B-Vitaminen. Durch die einzigartige Formulierung wird das Eisen erst in der Leber freigesetzt, wodurch Reizungen im Magen und Darm vermieden werden. OLEOvital\u00ae EISEN CLASSIC ist ideal zur Deckung eines leicht erh\u00f6hten Eisenbedarfs (z.B. bei Jugendlichen) und \u00fcberzeugt durch sehr gute Vertr\u00e4glichkeit, [&hellip;]<\/p>\n","protected":false},"featured_media":51367,"template":"","meta":{"_acf_changed":false},"product_brand":[],"product_cat":[819],"product_tag":[],"class_list":{"0":"post-51365","1":"product","2":"type-product","3":"status-publish","4":"has-post-thumbnail","6":"product_cat-o","7":"pa_packungsgroesse-30-beutel","9":"first","10":"instock","11":"shipping-taxable","12":"purchasable","13":"product-type-simple"},"acf":[],"_links":{"self":[{"href":"https:\/\/www.ernstbrunn-apotheke.at\/katalog\/wp-json\/wp\/v2\/product\/51365","targetHints":{"allow":["GET"]}}],"collection":[{"href":"https:\/\/www.ernstbrunn-apotheke.at\/katalog\/wp-json\/wp\/v2\/product"}],"about":[{"href":"https:\/\/www.ernstbrunn-apotheke.at\/katalog\/wp-json\/wp\/v2\/types\/product"}],"wp:featuredmedia":[{"embeddable":true,"href":"https:\/\/www.ernstbrunn-apotheke.at\/katalog\/wp-json\/wp\/v2\/media\/51367"}],"wp:attachment":[{"href":"https:\/\/www.ernstbrunn-apotheke.at\/katalog\/wp-json\/wp\/v2\/media?parent=51365"}],"wp:term":[{"taxonomy":"product_brand","embeddable":true,"href":"https:\/\/www.ernstbrunn-apotheke.at\/katalog\/wp-json\/wp\/v2\/product_brand?post=51365"},{"taxonomy":"product_cat","embeddable":true,"href":"https:\/\/www.ernstbrunn-apotheke.at\/katalog\/wp-json\/wp\/v2\/product_cat?post=51365"},{"taxonomy":"product_tag","embeddable":true,"href":"https:\/\/www.ernstbrunn-apotheke.at\/katalog\/wp-json\/wp\/v2\/product_tag?post=51365"}],"curies":[{"name":"wp","href":"https:\/\/api.w.org\/{rel}","templated":true}]}}