{"id":51355,"date":"2025-11-10T19:08:59","date_gmt":"2025-11-10T18:08:59","guid":{"rendered":"https:\/\/www.ernstbrunn-apotheke.at\/katalog\/produkt\/oekopharm-vitamin-d-kapseln\/"},"modified":"2025-12-08T16:45:20","modified_gmt":"2025-12-08T15:45:20","slug":"oekopharm-vitamin-d-kapseln","status":"publish","type":"product","link":"https:\/\/www.ernstbrunn-apotheke.at\/katalog\/produkt\/oekopharm-vitamin-d-kapseln\/","title":{"rendered":"\u00d6kopharm Vitamin D Kapseln"},"content":{"rendered":"<p>Der \u00d6kopharm Vitamin D Komplex Kapseln 30 Stk. ist durchdacht zusammengesetzt mit 2Vitamin D und Vitamin K2 zur Unterst\u00fctzung des Erhalts normaler Knochen, 1Vitamin C zur Unterst\u00fctzung des Immunsystems, Phyto-Panmol\u00ae Vitamin E Komplex aus Reisk\u00f6rnern und vielem mehr.<\/p>\n","protected":false},"excerpt":{"rendered":"<p>Der \u00d6kopharm Vitamin D Komplex Kapseln 30 Stk. ist durchdacht zusammengesetzt mit 2Vitamin D und Vitamin K2 zur Unterst\u00fctzung des Erhalts normaler Knochen, 1Vitamin C zur Unterst\u00fctzung des Immunsystems, Phyto-Panmol\u00ae Vitamin E Komplex aus Reisk\u00f6rnern und vielem mehr.<\/p>\n","protected":false},"featured_media":51357,"template":"","meta":{"_acf_changed":false},"product_brand":[357],"product_cat":[801],"product_tag":[],"class_list":{"0":"post-51355","1":"product","2":"type-product","3":"status-publish","4":"has-post-thumbnail","6":"product_brand-oekopharm","7":"product_cat-a","8":"pa_packungsgroesse-30-stueck","10":"first","11":"instock","12":"shipping-taxable","13":"purchasable","14":"product-type-simple"},"acf":[],"_links":{"self":[{"href":"https:\/\/www.ernstbrunn-apotheke.at\/katalog\/wp-json\/wp\/v2\/product\/51355","targetHints":{"allow":["GET"]}}],"collection":[{"href":"https:\/\/www.ernstbrunn-apotheke.at\/katalog\/wp-json\/wp\/v2\/product"}],"about":[{"href":"https:\/\/www.ernstbrunn-apotheke.at\/katalog\/wp-json\/wp\/v2\/types\/product"}],"wp:featuredmedia":[{"embeddable":true,"href":"https:\/\/www.ernstbrunn-apotheke.at\/katalog\/wp-json\/wp\/v2\/media\/51357"}],"wp:attachment":[{"href":"https:\/\/www.ernstbrunn-apotheke.at\/katalog\/wp-json\/wp\/v2\/media?parent=51355"}],"wp:term":[{"taxonomy":"product_brand","embeddable":true,"href":"https:\/\/www.ernstbrunn-apotheke.at\/katalog\/wp-json\/wp\/v2\/product_brand?post=51355"},{"taxonomy":"product_cat","embeddable":true,"href":"https:\/\/www.ernstbrunn-apotheke.at\/katalog\/wp-json\/wp\/v2\/product_cat?post=51355"},{"taxonomy":"product_tag","embeddable":true,"href":"https:\/\/www.ernstbrunn-apotheke.at\/katalog\/wp-json\/wp\/v2\/product_tag?post=51355"}],"curies":[{"name":"wp","href":"https:\/\/api.w.org\/{rel}","templated":true}]}}