{"id":51346,"date":"2025-11-10T19:08:59","date_gmt":"2025-11-10T18:08:59","guid":{"rendered":"https:\/\/www.ernstbrunn-apotheke.at\/katalog\/produkt\/doppelherz-herz-tonikum-alkoholfrei-und-zuckerfrei-1-l\/"},"modified":"2025-12-08T16:45:19","modified_gmt":"2025-12-08T15:45:19","slug":"doppelherz-herz-tonikum-alkoholfrei-und-zuckerfrei-1-l","status":"publish","type":"product","link":"https:\/\/www.ernstbrunn-apotheke.at\/katalog\/produkt\/doppelherz-herz-tonikum-alkoholfrei-und-zuckerfrei-1-l\/","title":{"rendered":"Doppelherz Herz Tonikum alkoholfrei und zuckerfrei 1 L"},"content":{"rendered":"<p>Doppelherz Herz Tonikum alkoholfrei und zuckerfrei st\u00e4rkt Herz und Kreislauf bei nervlicher Belastung mit der Naturkraft der Kr\u00e4uter. Das Vital Tonikum Herz-Kreislauf von Doppelherz nutzt die Kraft ausgew\u00e4hlter Heilpflanzen, um den K\u00f6rper zu st\u00e4rken und den Ablauf der wichtigen Lebensfunktionen zu unterst\u00fctzen. Die spezielle Kombination wertvoller Zubereitungen aus Wei\u00dfdorn, Rosmarin und Baldrian wirkt vorbeugend, st\u00e4rkt Herz und Kreislauf, insbesondere bei nervlicher Belastung. Dieses Produkt ist erh\u00e4ltlich in den Packungsgr\u00f6\u00dfen 500 ml und 1 l.<\/p>\n","protected":false},"excerpt":{"rendered":"<p>Doppelherz Herz Tonikum alkoholfrei und zuckerfrei st\u00e4rkt Herz und Kreislauf bei nervlicher Belastung mit der Naturkraft der Kr\u00e4uter. Das Vital Tonikum Herz-Kreislauf von Doppelherz nutzt die Kraft ausgew\u00e4hlter Heilpflanzen, um den K\u00f6rper zu st\u00e4rken und den Ablauf der wichtigen Lebensfunktionen zu unterst\u00fctzen. Die spezielle Kombination wertvoller Zubereitungen aus Wei\u00dfdorn, Rosmarin und Baldrian wirkt vorbeugend, st\u00e4rkt [&hellip;]<\/p>\n","protected":false},"featured_media":51348,"template":"","meta":{"_acf_changed":false},"product_brand":[410],"product_cat":[792],"product_tag":[],"class_list":{"0":"post-51346","1":"product","2":"type-product","3":"status-publish","4":"has-post-thumbnail","6":"product_brand-doppelherz","7":"product_cat-d","8":"pa_packungsgroesse-1000ml","9":"pa_packungsgroesse-500ml","11":"first","12":"instock","13":"shipping-taxable","14":"purchasable","15":"product-type-simple"},"acf":[],"_links":{"self":[{"href":"https:\/\/www.ernstbrunn-apotheke.at\/katalog\/wp-json\/wp\/v2\/product\/51346","targetHints":{"allow":["GET"]}}],"collection":[{"href":"https:\/\/www.ernstbrunn-apotheke.at\/katalog\/wp-json\/wp\/v2\/product"}],"about":[{"href":"https:\/\/www.ernstbrunn-apotheke.at\/katalog\/wp-json\/wp\/v2\/types\/product"}],"wp:featuredmedia":[{"embeddable":true,"href":"https:\/\/www.ernstbrunn-apotheke.at\/katalog\/wp-json\/wp\/v2\/media\/51348"}],"wp:attachment":[{"href":"https:\/\/www.ernstbrunn-apotheke.at\/katalog\/wp-json\/wp\/v2\/media?parent=51346"}],"wp:term":[{"taxonomy":"product_brand","embeddable":true,"href":"https:\/\/www.ernstbrunn-apotheke.at\/katalog\/wp-json\/wp\/v2\/product_brand?post=51346"},{"taxonomy":"product_cat","embeddable":true,"href":"https:\/\/www.ernstbrunn-apotheke.at\/katalog\/wp-json\/wp\/v2\/product_cat?post=51346"},{"taxonomy":"product_tag","embeddable":true,"href":"https:\/\/www.ernstbrunn-apotheke.at\/katalog\/wp-json\/wp\/v2\/product_tag?post=51346"}],"curies":[{"name":"wp","href":"https:\/\/api.w.org\/{rel}","templated":true}]}}