{"id":51322,"date":"2025-11-10T19:08:07","date_gmt":"2025-11-10T18:08:07","guid":{"rendered":"https:\/\/www.ernstbrunn-apotheke.at\/katalog\/produkt\/dr-jacobs-vitamin-d3-k2-oel-20-ml\/"},"modified":"2025-12-08T16:45:13","modified_gmt":"2025-12-08T15:45:13","slug":"dr-jacobs-vitamin-d3-k2-oel-20-ml","status":"publish","type":"product","link":"https:\/\/www.ernstbrunn-apotheke.at\/katalog\/produkt\/dr-jacobs-vitamin-d3-k2-oel-20-ml\/","title":{"rendered":"Dr. Jacobs Vitamin D3 K2 \u00d6l 20 ml"},"content":{"rendered":"<p>Dr. Jacob&#8217;s Vitamin D3K2 \u00d6l unterst\u00fctzt durch die Kombination von Vitamin D und Vitamin K wichtige Funktionen des K\u00f6rpers. Vitamin D und Vitamin K werden f\u00fcr die Erhaltung von Knochen und Z\u00e4hnen, die Muskelfunktion und das Immunsystem ben\u00f6tigt.<\/p>\n","protected":false},"excerpt":{"rendered":"<p>Dr. Jacob&#8217;s Vitamin D3K2 \u00d6l unterst\u00fctzt durch die Kombination von Vitamin D und Vitamin K wichtige Funktionen des K\u00f6rpers. Vitamin D und Vitamin K werden f\u00fcr die Erhaltung von Knochen und Z\u00e4hnen, die Muskelfunktion und das Immunsystem ben\u00f6tigt.<\/p>\n","protected":false},"featured_media":51324,"template":"","meta":{"_acf_changed":false},"product_brand":[433],"product_cat":[792],"product_tag":[],"class_list":{"0":"post-51322","1":"product","2":"type-product","3":"status-publish","4":"has-post-thumbnail","6":"product_brand-dr-jacobs","7":"product_cat-d","8":"pa_packungsgroesse-20ml","10":"first","11":"instock","12":"shipping-taxable","13":"purchasable","14":"product-type-simple"},"acf":[],"_links":{"self":[{"href":"https:\/\/www.ernstbrunn-apotheke.at\/katalog\/wp-json\/wp\/v2\/product\/51322","targetHints":{"allow":["GET"]}}],"collection":[{"href":"https:\/\/www.ernstbrunn-apotheke.at\/katalog\/wp-json\/wp\/v2\/product"}],"about":[{"href":"https:\/\/www.ernstbrunn-apotheke.at\/katalog\/wp-json\/wp\/v2\/types\/product"}],"wp:featuredmedia":[{"embeddable":true,"href":"https:\/\/www.ernstbrunn-apotheke.at\/katalog\/wp-json\/wp\/v2\/media\/51324"}],"wp:attachment":[{"href":"https:\/\/www.ernstbrunn-apotheke.at\/katalog\/wp-json\/wp\/v2\/media?parent=51322"}],"wp:term":[{"taxonomy":"product_brand","embeddable":true,"href":"https:\/\/www.ernstbrunn-apotheke.at\/katalog\/wp-json\/wp\/v2\/product_brand?post=51322"},{"taxonomy":"product_cat","embeddable":true,"href":"https:\/\/www.ernstbrunn-apotheke.at\/katalog\/wp-json\/wp\/v2\/product_cat?post=51322"},{"taxonomy":"product_tag","embeddable":true,"href":"https:\/\/www.ernstbrunn-apotheke.at\/katalog\/wp-json\/wp\/v2\/product_tag?post=51322"}],"curies":[{"name":"wp","href":"https:\/\/api.w.org\/{rel}","templated":true}]}}