{"id":51282,"date":"2025-11-10T19:07:17","date_gmt":"2025-11-10T18:07:17","guid":{"rendered":"https:\/\/www.ernstbrunn-apotheke.at\/katalog\/produkt\/ceremin-40-mg-filmtabletten-50-stk\/"},"modified":"2025-12-08T16:45:06","modified_gmt":"2025-12-08T15:45:06","slug":"ceremin-40-mg-filmtabletten-50-stk","status":"publish","type":"product","link":"https:\/\/www.ernstbrunn-apotheke.at\/katalog\/produkt\/ceremin-40-mg-filmtabletten-50-stk\/","title":{"rendered":"Ceremin 40 mg Filmtabletten 50 Stk."},"content":{"rendered":"<p>Ceremin 40 mg Filmtabletten helfen bei kalten H\u00e4nden und F\u00fc\u00dfen mit Taubheitsgef\u00fchl, Kribbeln oder Wadenschmerzen beim Gehen. Au\u00dferdem wirken die Tabletten dem Nachlassen der Leistungsf\u00e4higkeit des Gehirns mit Konzentrations- und Ged\u00e4chtnisschw\u00e4che entgegen. Das Produkt enth\u00e4lt den Ginkgo biloba-Spezialextrakt EGb 761, der die Durchblutung bis in die kleinsten Blutgef\u00e4\u00dfe f\u00f6rdert.<\/p>\n","protected":false},"excerpt":{"rendered":"<p>Ceremin 40 mg Filmtabletten helfen bei kalten H\u00e4nden und F\u00fc\u00dfen mit Taubheitsgef\u00fchl, Kribbeln oder Wadenschmerzen beim Gehen. Au\u00dferdem wirken die Tabletten dem Nachlassen der Leistungsf\u00e4higkeit des Gehirns mit Konzentrations- und Ged\u00e4chtnisschw\u00e4che entgegen. Das Produkt enth\u00e4lt den Ginkgo biloba-Spezialextrakt EGb 761, der die Durchblutung bis in die kleinsten Blutgef\u00e4\u00dfe f\u00f6rdert.<\/p>\n","protected":false},"featured_media":51284,"template":"","meta":{"_acf_changed":false},"product_brand":[],"product_cat":[812],"product_tag":[],"class_list":{"0":"post-51282","1":"product","2":"type-product","3":"status-publish","4":"has-post-thumbnail","6":"product_cat-c","7":"pa_packungsgroesse-50-stueck","9":"first","10":"instock","11":"shipping-taxable","12":"purchasable","13":"product-type-simple"},"acf":[],"_links":{"self":[{"href":"https:\/\/www.ernstbrunn-apotheke.at\/katalog\/wp-json\/wp\/v2\/product\/51282","targetHints":{"allow":["GET"]}}],"collection":[{"href":"https:\/\/www.ernstbrunn-apotheke.at\/katalog\/wp-json\/wp\/v2\/product"}],"about":[{"href":"https:\/\/www.ernstbrunn-apotheke.at\/katalog\/wp-json\/wp\/v2\/types\/product"}],"wp:featuredmedia":[{"embeddable":true,"href":"https:\/\/www.ernstbrunn-apotheke.at\/katalog\/wp-json\/wp\/v2\/media\/51284"}],"wp:attachment":[{"href":"https:\/\/www.ernstbrunn-apotheke.at\/katalog\/wp-json\/wp\/v2\/media?parent=51282"}],"wp:term":[{"taxonomy":"product_brand","embeddable":true,"href":"https:\/\/www.ernstbrunn-apotheke.at\/katalog\/wp-json\/wp\/v2\/product_brand?post=51282"},{"taxonomy":"product_cat","embeddable":true,"href":"https:\/\/www.ernstbrunn-apotheke.at\/katalog\/wp-json\/wp\/v2\/product_cat?post=51282"},{"taxonomy":"product_tag","embeddable":true,"href":"https:\/\/www.ernstbrunn-apotheke.at\/katalog\/wp-json\/wp\/v2\/product_tag?post=51282"}],"curies":[{"name":"wp","href":"https:\/\/api.w.org\/{rel}","templated":true}]}}