{"id":51253,"date":"2025-11-10T19:06:30","date_gmt":"2025-11-10T18:06:30","guid":{"rendered":"https:\/\/www.ernstbrunn-apotheke.at\/katalog\/produkt\/magnesium-diasporal-400-extra-trinkgranulat-50-btl\/"},"modified":"2025-12-08T16:45:01","modified_gmt":"2025-12-08T15:45:01","slug":"magnesium-diasporal-400-extra-trinkgranulat-50-btl","status":"publish","type":"product","link":"https:\/\/www.ernstbrunn-apotheke.at\/katalog\/produkt\/magnesium-diasporal-400-extra-trinkgranulat-50-btl\/","title":{"rendered":"Magnesium Diasporal 400 Extra Trinkgranulat 50 Btl."},"content":{"rendered":"<ul>\n<li>EXTRASTARK mit 400 mg Magnesium pro Stick<\/li>\n<li>EXTRAFRUCHTIG durch nat\u00fcrliches Orangensaftkonzentrat<\/li>\n<li>\u00a0Nur 1x t\u00e4glich<\/li>\n<li>Nat\u00fcrlichohne Zucker, ohne k\u00fcnstliche Farbstoffe<\/li>\n<li>Ohne tierischeBestandteile \u2013 f\u00fcr Veganer geeignet<\/li>\n<li>Hinweisf\u00fcr Diabetiker: 1 Stick enth\u00e4lt weniger als 0,2 BE<\/li>\n<li>Glutenfrei,laktosefrei<\/li>\n<\/ul>\n<p>Bereits 1 Stick versorgtIhren K\u00f6rper mit 400 mg Magnesium und tr\u00e4gt so zur Deckung eines erh\u00f6htenMagnesiumbedarfs bei.<\/p>\n","protected":false},"excerpt":{"rendered":"<p>EXTRASTARK mit 400 mg Magnesium pro Stick EXTRAFRUCHTIG durch nat\u00fcrliches Orangensaftkonzentrat \u00a0Nur 1x t\u00e4glich Nat\u00fcrlichohne Zucker, ohne k\u00fcnstliche Farbstoffe Ohne tierischeBestandteile \u2013 f\u00fcr Veganer geeignet Hinweisf\u00fcr Diabetiker: 1 Stick enth\u00e4lt weniger als 0,2 BE Glutenfrei,laktosefrei Bereits 1 Stick versorgtIhren K\u00f6rper mit 400 mg Magnesium und tr\u00e4gt so zur Deckung eines erh\u00f6htenMagnesiumbedarfs bei.<\/p>\n","protected":false},"featured_media":51255,"template":"","meta":{"_acf_changed":false},"product_brand":[],"product_cat":[800],"product_tag":[],"class_list":{"0":"post-51253","1":"product","2":"type-product","3":"status-publish","4":"has-post-thumbnail","6":"product_cat-m","7":"pa_geschmack-orange","8":"pa_packungsgroesse-50-beutel","10":"first","11":"instock","12":"shipping-taxable","13":"purchasable","14":"product-type-simple"},"acf":[],"_links":{"self":[{"href":"https:\/\/www.ernstbrunn-apotheke.at\/katalog\/wp-json\/wp\/v2\/product\/51253","targetHints":{"allow":["GET"]}}],"collection":[{"href":"https:\/\/www.ernstbrunn-apotheke.at\/katalog\/wp-json\/wp\/v2\/product"}],"about":[{"href":"https:\/\/www.ernstbrunn-apotheke.at\/katalog\/wp-json\/wp\/v2\/types\/product"}],"wp:featuredmedia":[{"embeddable":true,"href":"https:\/\/www.ernstbrunn-apotheke.at\/katalog\/wp-json\/wp\/v2\/media\/51255"}],"wp:attachment":[{"href":"https:\/\/www.ernstbrunn-apotheke.at\/katalog\/wp-json\/wp\/v2\/media?parent=51253"}],"wp:term":[{"taxonomy":"product_brand","embeddable":true,"href":"https:\/\/www.ernstbrunn-apotheke.at\/katalog\/wp-json\/wp\/v2\/product_brand?post=51253"},{"taxonomy":"product_cat","embeddable":true,"href":"https:\/\/www.ernstbrunn-apotheke.at\/katalog\/wp-json\/wp\/v2\/product_cat?post=51253"},{"taxonomy":"product_tag","embeddable":true,"href":"https:\/\/www.ernstbrunn-apotheke.at\/katalog\/wp-json\/wp\/v2\/product_tag?post=51253"}],"curies":[{"name":"wp","href":"https:\/\/api.w.org\/{rel}","templated":true}]}}