{"id":51229,"date":"2025-11-10T19:06:30","date_gmt":"2025-11-10T18:06:30","guid":{"rendered":"https:\/\/www.ernstbrunn-apotheke.at\/katalog\/produkt\/burgerstein-eisen-plus-kapseln-150-stk\/"},"modified":"2025-12-08T16:44:56","modified_gmt":"2025-12-08T15:44:56","slug":"burgerstein-eisen-plus-kapseln-150-stk","status":"publish","type":"product","link":"https:\/\/www.ernstbrunn-apotheke.at\/katalog\/produkt\/burgerstein-eisen-plus-kapseln-150-stk\/","title":{"rendered":"Burgerstein Eisen Plus Kapseln 150 Stk."},"content":{"rendered":"<p>Burgerstein Eisen plus liefert Eisen, welches das zentrale Spurenelement f\u00fcr die Blutbildung ist und ist zust\u00e4ndig f\u00fcr den Sauerstofftransport im roten Blutfarbstoff (H\u00e4moglobin), H\u00e4moglobin ist wichtig f\u00fcr einen optimalen Energiestoffwechsel. Es kompensiert Eisenverlust bei der Menstruation, nach Operationen und den erh\u00f6hten Eisenbedarf in Schwangerschaft und Stillzeit. Bei Sportlern wird der erh\u00f6hten Eisenverlust kompensiert und die \u00dcbers\u00e4uerung in der Muskulatur vermindert. Es ist die ideale Nahrungserg\u00e4nzung bei einer Ern\u00e4hrungsweise mit wenig Fleisch.<\/p>\n","protected":false},"excerpt":{"rendered":"<p>Burgerstein Eisen plus liefert Eisen, welches das zentrale Spurenelement f\u00fcr die Blutbildung ist und ist zust\u00e4ndig f\u00fcr den Sauerstofftransport im roten Blutfarbstoff (H\u00e4moglobin), H\u00e4moglobin ist wichtig f\u00fcr einen optimalen Energiestoffwechsel. Es kompensiert Eisenverlust bei der Menstruation, nach Operationen und den erh\u00f6hten Eisenbedarf in Schwangerschaft und Stillzeit. Bei Sportlern wird der erh\u00f6hten Eisenverlust kompensiert und die [&hellip;]<\/p>\n","protected":false},"featured_media":51231,"template":"","meta":{"_acf_changed":false},"product_brand":[446],"product_cat":[802],"product_tag":[],"class_list":{"0":"post-51229","1":"product","2":"type-product","3":"status-publish","4":"has-post-thumbnail","6":"product_brand-burgerstein","7":"product_cat-b","8":"pa_packungsgroesse-150-stueck","10":"first","11":"instock","12":"shipping-taxable","13":"purchasable","14":"product-type-simple"},"acf":[],"_links":{"self":[{"href":"https:\/\/www.ernstbrunn-apotheke.at\/katalog\/wp-json\/wp\/v2\/product\/51229","targetHints":{"allow":["GET"]}}],"collection":[{"href":"https:\/\/www.ernstbrunn-apotheke.at\/katalog\/wp-json\/wp\/v2\/product"}],"about":[{"href":"https:\/\/www.ernstbrunn-apotheke.at\/katalog\/wp-json\/wp\/v2\/types\/product"}],"wp:featuredmedia":[{"embeddable":true,"href":"https:\/\/www.ernstbrunn-apotheke.at\/katalog\/wp-json\/wp\/v2\/media\/51231"}],"wp:attachment":[{"href":"https:\/\/www.ernstbrunn-apotheke.at\/katalog\/wp-json\/wp\/v2\/media?parent=51229"}],"wp:term":[{"taxonomy":"product_brand","embeddable":true,"href":"https:\/\/www.ernstbrunn-apotheke.at\/katalog\/wp-json\/wp\/v2\/product_brand?post=51229"},{"taxonomy":"product_cat","embeddable":true,"href":"https:\/\/www.ernstbrunn-apotheke.at\/katalog\/wp-json\/wp\/v2\/product_cat?post=51229"},{"taxonomy":"product_tag","embeddable":true,"href":"https:\/\/www.ernstbrunn-apotheke.at\/katalog\/wp-json\/wp\/v2\/product_tag?post=51229"}],"curies":[{"name":"wp","href":"https:\/\/api.w.org\/{rel}","templated":true}]}}