{"id":51219,"date":"2025-11-10T19:05:39","date_gmt":"2025-11-10T18:05:39","guid":{"rendered":"https:\/\/www.ernstbrunn-apotheke.at\/katalog\/produkt\/apofit-magnesiumoel-pur-100-ml\/"},"modified":"2025-12-08T16:44:55","modified_gmt":"2025-12-08T15:44:55","slug":"apofit-magnesiumoel-pur-100-ml","status":"publish","type":"product","link":"https:\/\/www.ernstbrunn-apotheke.at\/katalog\/produkt\/apofit-magnesiumoel-pur-100-ml\/","title":{"rendered":"Apofit Magnesium\u00f6l Pur 100 ml"},"content":{"rendered":"<p>Apofit Magnesium\u00f6l Pur hilft dabei, einen ern\u00e4hrungsbedingten Magnesiummangel schnell zu beheben. Ein angenehmer Nebeneffekt der Anwendung von dieses \u00d6ls ist die St\u00e4rkung des Immunsystems und eine Verbesserung der Zellfunktion. Hinzukommt, dass Sie mit dem Magnesium\u00f6l die Muskel- und Nervenfunktion verbessert und ihre Zellen vor oxidativen Sch\u00e4den bewahren.<\/p>\n","protected":false},"excerpt":{"rendered":"<p>Apofit Magnesium\u00f6l Pur hilft dabei, einen ern\u00e4hrungsbedingten Magnesiummangel schnell zu beheben. Ein angenehmer Nebeneffekt der Anwendung von dieses \u00d6ls ist die St\u00e4rkung des Immunsystems und eine Verbesserung der Zellfunktion. Hinzukommt, dass Sie mit dem Magnesium\u00f6l die Muskel- und Nervenfunktion verbessert und ihre Zellen vor oxidativen Sch\u00e4den bewahren.<\/p>\n","protected":false},"featured_media":51221,"template":"","meta":{"_acf_changed":false},"product_brand":[584],"product_cat":[801],"product_tag":[],"class_list":{"0":"post-51219","1":"product","2":"type-product","3":"status-publish","4":"has-post-thumbnail","6":"product_brand-apofit","7":"product_cat-a","8":"pa_packungsgroesse-100ml","10":"first","11":"instock","12":"shipping-taxable","13":"purchasable","14":"product-type-simple"},"acf":[],"_links":{"self":[{"href":"https:\/\/www.ernstbrunn-apotheke.at\/katalog\/wp-json\/wp\/v2\/product\/51219","targetHints":{"allow":["GET"]}}],"collection":[{"href":"https:\/\/www.ernstbrunn-apotheke.at\/katalog\/wp-json\/wp\/v2\/product"}],"about":[{"href":"https:\/\/www.ernstbrunn-apotheke.at\/katalog\/wp-json\/wp\/v2\/types\/product"}],"wp:featuredmedia":[{"embeddable":true,"href":"https:\/\/www.ernstbrunn-apotheke.at\/katalog\/wp-json\/wp\/v2\/media\/51221"}],"wp:attachment":[{"href":"https:\/\/www.ernstbrunn-apotheke.at\/katalog\/wp-json\/wp\/v2\/media?parent=51219"}],"wp:term":[{"taxonomy":"product_brand","embeddable":true,"href":"https:\/\/www.ernstbrunn-apotheke.at\/katalog\/wp-json\/wp\/v2\/product_brand?post=51219"},{"taxonomy":"product_cat","embeddable":true,"href":"https:\/\/www.ernstbrunn-apotheke.at\/katalog\/wp-json\/wp\/v2\/product_cat?post=51219"},{"taxonomy":"product_tag","embeddable":true,"href":"https:\/\/www.ernstbrunn-apotheke.at\/katalog\/wp-json\/wp\/v2\/product_tag?post=51219"}],"curies":[{"name":"wp","href":"https:\/\/api.w.org\/{rel}","templated":true}]}}