{"id":51183,"date":"2025-11-10T19:05:16","date_gmt":"2025-11-10T18:05:16","guid":{"rendered":"https:\/\/www.ernstbrunn-apotheke.at\/katalog\/produkt\/pure-encapsulations-weihrauch-60-stk\/"},"modified":"2025-12-08T16:44:48","modified_gmt":"2025-12-08T15:44:48","slug":"pure-encapsulations-weihrauch-60-stk","status":"publish","type":"product","link":"https:\/\/www.ernstbrunn-apotheke.at\/katalog\/produkt\/pure-encapsulations-weihrauch-60-stk\/","title":{"rendered":"Pure Encapsulations Weihrauch 60 Stk."},"content":{"rendered":"<p>Der indische Weihrauch (Boswellia serrata) z\u00e4hlt zu den Balsambaumgew\u00e4chsenund verf\u00fcgt nicht nur in Indien \u00fcber eine langeTradition. Das zur Herstellung von R\u00e4ucherwerk, \u00e4therischem \u00d6lund Extrakten eingesetzte Weihrauchharz soll in der traditionellenindischen Gesundheitspflege harmonisierend auf den menschlichenEnergiekreis wirken. Auch in der modernen Wissenschaftwurde der Weihrauch wiederentdeckt.<\/p>\n","protected":false},"excerpt":{"rendered":"<p>Der indische Weihrauch (Boswellia serrata) z\u00e4hlt zu den Balsambaumgew\u00e4chsenund verf\u00fcgt nicht nur in Indien \u00fcber eine langeTradition. Das zur Herstellung von R\u00e4ucherwerk, \u00e4therischem \u00d6lund Extrakten eingesetzte Weihrauchharz soll in der traditionellenindischen Gesundheitspflege harmonisierend auf den menschlichenEnergiekreis wirken. Auch in der modernen Wissenschaftwurde der Weihrauch wiederentdeckt.<\/p>\n","protected":false},"featured_media":51185,"template":"","meta":{"_acf_changed":false},"product_brand":[336],"product_cat":[793],"product_tag":[],"class_list":{"0":"post-51183","1":"product","2":"type-product","3":"status-publish","4":"has-post-thumbnail","6":"product_brand-pure-encapsulations","7":"product_cat-p","8":"pa_packungsgroesse-120-stueck","9":"pa_packungsgroesse-60-stueck","11":"first","12":"instock","13":"shipping-taxable","14":"purchasable","15":"product-type-simple"},"acf":[],"_links":{"self":[{"href":"https:\/\/www.ernstbrunn-apotheke.at\/katalog\/wp-json\/wp\/v2\/product\/51183","targetHints":{"allow":["GET"]}}],"collection":[{"href":"https:\/\/www.ernstbrunn-apotheke.at\/katalog\/wp-json\/wp\/v2\/product"}],"about":[{"href":"https:\/\/www.ernstbrunn-apotheke.at\/katalog\/wp-json\/wp\/v2\/types\/product"}],"wp:featuredmedia":[{"embeddable":true,"href":"https:\/\/www.ernstbrunn-apotheke.at\/katalog\/wp-json\/wp\/v2\/media\/51185"}],"wp:attachment":[{"href":"https:\/\/www.ernstbrunn-apotheke.at\/katalog\/wp-json\/wp\/v2\/media?parent=51183"}],"wp:term":[{"taxonomy":"product_brand","embeddable":true,"href":"https:\/\/www.ernstbrunn-apotheke.at\/katalog\/wp-json\/wp\/v2\/product_brand?post=51183"},{"taxonomy":"product_cat","embeddable":true,"href":"https:\/\/www.ernstbrunn-apotheke.at\/katalog\/wp-json\/wp\/v2\/product_cat?post=51183"},{"taxonomy":"product_tag","embeddable":true,"href":"https:\/\/www.ernstbrunn-apotheke.at\/katalog\/wp-json\/wp\/v2\/product_tag?post=51183"}],"curies":[{"name":"wp","href":"https:\/\/api.w.org\/{rel}","templated":true}]}}