{"id":51171,"date":"2025-11-10T19:05:16","date_gmt":"2025-11-10T18:05:16","guid":{"rendered":"https:\/\/www.ernstbrunn-apotheke.at\/katalog\/produkt\/pure-encapsulations-zink-30-zinkpicolinat-180-stk\/"},"modified":"2025-12-08T16:44:44","modified_gmt":"2025-12-08T15:44:44","slug":"pure-encapsulations-zink-30-zinkpicolinat-180-stk","status":"publish","type":"product","link":"https:\/\/www.ernstbrunn-apotheke.at\/katalog\/produkt\/pure-encapsulations-zink-30-zinkpicolinat-180-stk\/","title":{"rendered":"Pure Encapsulations Zink 30 Zinkpicolinat 180 Stk."},"content":{"rendered":"<p>Zink ist neben Eisen das zweith\u00e4ufigste Spurenelement im menschlichen Organismus und wird von mehr als 300 Enzymsystemen in den K\u00f6rperzellen f\u00fcr zahlreiche biochemische Vorg\u00e4nge ben\u00f6tigt. Zink kommt im K\u00f6rper vor allem in den Haaren, den Muskeln, den Knochen, den Hoden und Eierst\u00f6cken sowie in den Inselzellen der Bauchspeicheldr\u00fcse vor. Ein erh\u00f6hter Bedarf kann zum Beispiel bei Rauchern und Vegetariern sowie bei Personen, die starken Schadstoffbelastungen ausgesetzt sind, auftreten &#8211; dieses und weitere Produkte von Pure Encapsulations dauerhaft preisreduziert bestellen!<\/p>\n","protected":false},"excerpt":{"rendered":"<p>Zink ist neben Eisen das zweith\u00e4ufigste Spurenelement im menschlichen Organismus und wird von mehr als 300 Enzymsystemen in den K\u00f6rperzellen f\u00fcr zahlreiche biochemische Vorg\u00e4nge ben\u00f6tigt. Zink kommt im K\u00f6rper vor allem in den Haaren, den Muskeln, den Knochen, den Hoden und Eierst\u00f6cken sowie in den Inselzellen der Bauchspeicheldr\u00fcse vor. Ein erh\u00f6hter Bedarf kann zum Beispiel [&hellip;]<\/p>\n","protected":false},"featured_media":51173,"template":"","meta":{"_acf_changed":false},"product_brand":[336],"product_cat":[793],"product_tag":[],"class_list":{"0":"post-51171","1":"product","2":"type-product","3":"status-publish","4":"has-post-thumbnail","6":"product_brand-pure-encapsulations","7":"product_cat-p","8":"pa_packungsgroesse-180-stueck","10":"first","11":"instock","12":"shipping-taxable","13":"purchasable","14":"product-type-simple"},"acf":[],"_links":{"self":[{"href":"https:\/\/www.ernstbrunn-apotheke.at\/katalog\/wp-json\/wp\/v2\/product\/51171","targetHints":{"allow":["GET"]}}],"collection":[{"href":"https:\/\/www.ernstbrunn-apotheke.at\/katalog\/wp-json\/wp\/v2\/product"}],"about":[{"href":"https:\/\/www.ernstbrunn-apotheke.at\/katalog\/wp-json\/wp\/v2\/types\/product"}],"wp:featuredmedia":[{"embeddable":true,"href":"https:\/\/www.ernstbrunn-apotheke.at\/katalog\/wp-json\/wp\/v2\/media\/51173"}],"wp:attachment":[{"href":"https:\/\/www.ernstbrunn-apotheke.at\/katalog\/wp-json\/wp\/v2\/media?parent=51171"}],"wp:term":[{"taxonomy":"product_brand","embeddable":true,"href":"https:\/\/www.ernstbrunn-apotheke.at\/katalog\/wp-json\/wp\/v2\/product_brand?post=51171"},{"taxonomy":"product_cat","embeddable":true,"href":"https:\/\/www.ernstbrunn-apotheke.at\/katalog\/wp-json\/wp\/v2\/product_cat?post=51171"},{"taxonomy":"product_tag","embeddable":true,"href":"https:\/\/www.ernstbrunn-apotheke.at\/katalog\/wp-json\/wp\/v2\/product_tag?post=51171"}],"curies":[{"name":"wp","href":"https:\/\/api.w.org\/{rel}","templated":true}]}}