{"id":51145,"date":"2025-11-10T19:04:34","date_gmt":"2025-11-10T18:04:34","guid":{"rendered":"https:\/\/www.ernstbrunn-apotheke.at\/katalog\/produkt\/nicapur-ubiquinol-60-kapseln\/"},"modified":"2025-12-08T16:44:39","modified_gmt":"2025-12-08T15:44:39","slug":"nicapur-ubiquinol-60-kapseln","status":"publish","type":"product","link":"https:\/\/www.ernstbrunn-apotheke.at\/katalog\/produkt\/nicapur-ubiquinol-60-kapseln\/","title":{"rendered":"NICApur Ubiquinol 60 Kapseln"},"content":{"rendered":"<p>Vitaminoide sind Substanzen, die eine vitamin\u00e4hnliche Wirkung zeigen oder als Vorstufe von Vitaminen anzusehen sind. Der K\u00f6rper kann sie zumeist selbst bilden. Ein bekanntes Vitaminoid ist Coenzym Q10, eine nat\u00fcrliche Substanz, die von unserem K\u00f6rper selbst hergestellt werden kann, wir aber auch \u00fcber die Nahrung zu uns nehmen. Coenzym Q10 existiert in zwei Formen, als Ubiquinon und Ubiquinol. Coenzym Q10 in Form von Ubiquinon muss im K\u00f6rper erst in die aktive Form Ubiquinol umgewandelt werden. .<\/p>\n","protected":false},"excerpt":{"rendered":"<p>Vitaminoide sind Substanzen, die eine vitamin\u00e4hnliche Wirkung zeigen oder als Vorstufe von Vitaminen anzusehen sind. Der K\u00f6rper kann sie zumeist selbst bilden. Ein bekanntes Vitaminoid ist Coenzym Q10, eine nat\u00fcrliche Substanz, die von unserem K\u00f6rper selbst hergestellt werden kann, wir aber auch \u00fcber die Nahrung zu uns nehmen. Coenzym Q10 existiert in zwei Formen, als [&hellip;]<\/p>\n","protected":false},"featured_media":51147,"template":"","meta":{"_acf_changed":false},"product_brand":[352],"product_cat":[797],"product_tag":[],"class_list":{"0":"post-51145","1":"product","2":"type-product","3":"status-publish","4":"has-post-thumbnail","6":"product_brand-nicapur","7":"product_cat-n","8":"pa_packungsgroesse-30-stueck","9":"pa_packungsgroesse-60-stueck","11":"first","12":"instock","13":"shipping-taxable","14":"purchasable","15":"product-type-simple"},"acf":[],"_links":{"self":[{"href":"https:\/\/www.ernstbrunn-apotheke.at\/katalog\/wp-json\/wp\/v2\/product\/51145","targetHints":{"allow":["GET"]}}],"collection":[{"href":"https:\/\/www.ernstbrunn-apotheke.at\/katalog\/wp-json\/wp\/v2\/product"}],"about":[{"href":"https:\/\/www.ernstbrunn-apotheke.at\/katalog\/wp-json\/wp\/v2\/types\/product"}],"wp:featuredmedia":[{"embeddable":true,"href":"https:\/\/www.ernstbrunn-apotheke.at\/katalog\/wp-json\/wp\/v2\/media\/51147"}],"wp:attachment":[{"href":"https:\/\/www.ernstbrunn-apotheke.at\/katalog\/wp-json\/wp\/v2\/media?parent=51145"}],"wp:term":[{"taxonomy":"product_brand","embeddable":true,"href":"https:\/\/www.ernstbrunn-apotheke.at\/katalog\/wp-json\/wp\/v2\/product_brand?post=51145"},{"taxonomy":"product_cat","embeddable":true,"href":"https:\/\/www.ernstbrunn-apotheke.at\/katalog\/wp-json\/wp\/v2\/product_cat?post=51145"},{"taxonomy":"product_tag","embeddable":true,"href":"https:\/\/www.ernstbrunn-apotheke.at\/katalog\/wp-json\/wp\/v2\/product_tag?post=51145"}],"curies":[{"name":"wp","href":"https:\/\/api.w.org\/{rel}","templated":true}]}}