{"id":51131,"date":"2025-11-10T19:04:34","date_gmt":"2025-11-10T18:04:34","guid":{"rendered":"https:\/\/www.ernstbrunn-apotheke.at\/katalog\/produkt\/pure-encapsulations-calcium-calciumcitrat-90-stk\/"},"modified":"2025-12-08T16:44:37","modified_gmt":"2025-12-08T15:44:37","slug":"pure-encapsulations-calcium-calciumcitrat-90-stk","status":"publish","type":"product","link":"https:\/\/www.ernstbrunn-apotheke.at\/katalog\/produkt\/pure-encapsulations-calcium-calciumcitrat-90-stk\/","title":{"rendered":"Pure Encapsulations Calcium Calciumcitrat 90 Stk."},"content":{"rendered":"<p>Calcium ist im menschlichen Organismus der mengenm\u00e4\u00dfigh\u00e4ufigste Mineralstoff. Davon werden 99% (entspricht ca. 1 kg) imKnochenger\u00fcst gespeichert. Die Versorgung mit Calcium bzw.der Bedarf sind sehr individuell. Vor allem bei Personen, die aufMilchprodukte verzichten, ist eine zus\u00e4tzliche Zufuhr sinnvoll. DieBedeutung des essentiellen Mineralstoffs ist vielseitig. Sie reichtvon der Aufrechterhaltung normaler Knochen- und Zahnstrukturbis zu einer gut funktionierenden Reizleitung (Kommunikation derNervenzellen). Des Weiteren ist Calcium f\u00fcr die Muskelfunktion undden Energiestoffwechsel von Bedeutung. Calciumcitrat ist besondersgut vertr\u00e4glich und wird vom K\u00f6rper leicht aufgenommen.<\/p>\n","protected":false},"excerpt":{"rendered":"<p>Calcium ist im menschlichen Organismus der mengenm\u00e4\u00dfigh\u00e4ufigste Mineralstoff. Davon werden 99% (entspricht ca. 1 kg) imKnochenger\u00fcst gespeichert. Die Versorgung mit Calcium bzw.der Bedarf sind sehr individuell. Vor allem bei Personen, die aufMilchprodukte verzichten, ist eine zus\u00e4tzliche Zufuhr sinnvoll. DieBedeutung des essentiellen Mineralstoffs ist vielseitig. Sie reichtvon der Aufrechterhaltung normaler Knochen- und Zahnstrukturbis zu einer gut [&hellip;]<\/p>\n","protected":false},"featured_media":51133,"template":"","meta":{"_acf_changed":false},"product_brand":[336],"product_cat":[793],"product_tag":[],"class_list":{"0":"post-51131","1":"product","2":"type-product","3":"status-publish","4":"has-post-thumbnail","6":"product_brand-pure-encapsulations","7":"product_cat-p","8":"pa_packungsgroesse-180-stueck","9":"pa_packungsgroesse-90-stueck","11":"first","12":"instock","13":"shipping-taxable","14":"purchasable","15":"product-type-simple"},"acf":[],"_links":{"self":[{"href":"https:\/\/www.ernstbrunn-apotheke.at\/katalog\/wp-json\/wp\/v2\/product\/51131","targetHints":{"allow":["GET"]}}],"collection":[{"href":"https:\/\/www.ernstbrunn-apotheke.at\/katalog\/wp-json\/wp\/v2\/product"}],"about":[{"href":"https:\/\/www.ernstbrunn-apotheke.at\/katalog\/wp-json\/wp\/v2\/types\/product"}],"wp:featuredmedia":[{"embeddable":true,"href":"https:\/\/www.ernstbrunn-apotheke.at\/katalog\/wp-json\/wp\/v2\/media\/51133"}],"wp:attachment":[{"href":"https:\/\/www.ernstbrunn-apotheke.at\/katalog\/wp-json\/wp\/v2\/media?parent=51131"}],"wp:term":[{"taxonomy":"product_brand","embeddable":true,"href":"https:\/\/www.ernstbrunn-apotheke.at\/katalog\/wp-json\/wp\/v2\/product_brand?post=51131"},{"taxonomy":"product_cat","embeddable":true,"href":"https:\/\/www.ernstbrunn-apotheke.at\/katalog\/wp-json\/wp\/v2\/product_cat?post=51131"},{"taxonomy":"product_tag","embeddable":true,"href":"https:\/\/www.ernstbrunn-apotheke.at\/katalog\/wp-json\/wp\/v2\/product_tag?post=51131"}],"curies":[{"name":"wp","href":"https:\/\/api.w.org\/{rel}","templated":true}]}}