{"id":51097,"date":"2025-11-10T19:03:40","date_gmt":"2025-11-10T18:03:40","guid":{"rendered":"https:\/\/www.ernstbrunn-apotheke.at\/katalog\/produkt\/burgerstein-cela-multivitamin-mineral-tabletten-100-stk\/"},"modified":"2025-12-08T16:44:31","modified_gmt":"2025-12-08T15:44:31","slug":"burgerstein-cela-multivitamin-mineral-tabletten-100-stk","status":"publish","type":"product","link":"https:\/\/www.ernstbrunn-apotheke.at\/katalog\/produkt\/burgerstein-cela-multivitamin-mineral-tabletten-100-stk\/","title":{"rendered":"Burgerstein CELA Multivitamin Mineral Tabletten 100 Stk."},"content":{"rendered":"<p>Burgerstein Cela Multivitamin Mineral Tabletten enthalten Vitamine, Mineralstoffe und Spurenelemente, welche als essentielle Nahrungsbestandteile zur Aufrechterhaltung der Stoffwechselvorg\u00e4nge im Organismus notwendig sind. Ohne ihre Zufuhr aus der Nahrung kann der K\u00f6rper keine Energie gewinnen und keine k\u00f6rpereigenen Stoffe aufbauen.<\/p>\n","protected":false},"excerpt":{"rendered":"<p>Burgerstein Cela Multivitamin Mineral Tabletten enthalten Vitamine, Mineralstoffe und Spurenelemente, welche als essentielle Nahrungsbestandteile zur Aufrechterhaltung der Stoffwechselvorg\u00e4nge im Organismus notwendig sind. Ohne ihre Zufuhr aus der Nahrung kann der K\u00f6rper keine Energie gewinnen und keine k\u00f6rpereigenen Stoffe aufbauen.<\/p>\n","protected":false},"featured_media":51099,"template":"","meta":{"_acf_changed":false},"product_brand":[446],"product_cat":[802],"product_tag":[],"class_list":{"0":"post-51097","1":"product","2":"type-product","3":"status-publish","4":"has-post-thumbnail","6":"product_brand-burgerstein","7":"product_cat-b","8":"pa_packungsgroesse-100-stueck","10":"first","11":"instock","12":"shipping-taxable","13":"purchasable","14":"product-type-simple"},"acf":[],"_links":{"self":[{"href":"https:\/\/www.ernstbrunn-apotheke.at\/katalog\/wp-json\/wp\/v2\/product\/51097","targetHints":{"allow":["GET"]}}],"collection":[{"href":"https:\/\/www.ernstbrunn-apotheke.at\/katalog\/wp-json\/wp\/v2\/product"}],"about":[{"href":"https:\/\/www.ernstbrunn-apotheke.at\/katalog\/wp-json\/wp\/v2\/types\/product"}],"wp:featuredmedia":[{"embeddable":true,"href":"https:\/\/www.ernstbrunn-apotheke.at\/katalog\/wp-json\/wp\/v2\/media\/51099"}],"wp:attachment":[{"href":"https:\/\/www.ernstbrunn-apotheke.at\/katalog\/wp-json\/wp\/v2\/media?parent=51097"}],"wp:term":[{"taxonomy":"product_brand","embeddable":true,"href":"https:\/\/www.ernstbrunn-apotheke.at\/katalog\/wp-json\/wp\/v2\/product_brand?post=51097"},{"taxonomy":"product_cat","embeddable":true,"href":"https:\/\/www.ernstbrunn-apotheke.at\/katalog\/wp-json\/wp\/v2\/product_cat?post=51097"},{"taxonomy":"product_tag","embeddable":true,"href":"https:\/\/www.ernstbrunn-apotheke.at\/katalog\/wp-json\/wp\/v2\/product_tag?post=51097"}],"curies":[{"name":"wp","href":"https:\/\/api.w.org\/{rel}","templated":true}]}}