{"id":51083,"date":"2025-11-10T19:02:53","date_gmt":"2025-11-10T18:02:53","guid":{"rendered":"https:\/\/www.ernstbrunn-apotheke.at\/katalog\/produkt\/pure-encapsulations-epa-dha-essentials-1000mg\/"},"modified":"2025-12-08T16:44:29","modified_gmt":"2025-12-08T15:44:29","slug":"pure-encapsulations-epa-dha-essentials-1000mg","status":"publish","type":"product","link":"https:\/\/www.ernstbrunn-apotheke.at\/katalog\/produkt\/pure-encapsulations-epa-dha-essentials-1000mg\/","title":{"rendered":"Pure Encapsulations EPA\/DHA essentials 1000mg"},"content":{"rendered":"<p>Aufgrund von Fehlverschiebungen in unserer Ern\u00e4hrung (zu wenigfette Seefische, \u00fcberm\u00e4\u00dfiger Konsum an Transfetten, geh\u00e4rteten\u00d6len, tierischen Fetten) hat die Zufuhr von Fisch\u00f6len enorme undvielseitig positive Effekte auf den allgemeinen Gesundheitszustand.EPA\/DHA essentials 1000mg beinhaltet die standardisiertenOmega-3-Fetts\u00e4uren EPA (Eicosapentaens\u00e4ure) und DHA (Docosahexaens\u00e4ure).Sie geh\u00f6ren zu den mehrfach unges\u00e4ttigten Fetts\u00e4uren.Die essentiellen Fetts\u00e4uren weisen somit herzsch\u00fctzendeEigenschaften1) auf und tragen zur Aufrechterhaltung eines normalenBlutdrucks2) bei. Omega-3-Fetts\u00e4uren sind zudem wichtigeBausubstanzen der Myelinscheiden.<\/p>\n","protected":false},"excerpt":{"rendered":"<p>Aufgrund von Fehlverschiebungen in unserer Ern\u00e4hrung (zu wenigfette Seefische, \u00fcberm\u00e4\u00dfiger Konsum an Transfetten, geh\u00e4rteten\u00d6len, tierischen Fetten) hat die Zufuhr von Fisch\u00f6len enorme undvielseitig positive Effekte auf den allgemeinen Gesundheitszustand.EPA\/DHA essentials 1000mg beinhaltet die standardisiertenOmega-3-Fetts\u00e4uren EPA (Eicosapentaens\u00e4ure) und DHA (Docosahexaens\u00e4ure).Sie geh\u00f6ren zu den mehrfach unges\u00e4ttigten Fetts\u00e4uren.Die essentiellen Fetts\u00e4uren weisen somit herzsch\u00fctzendeEigenschaften1) auf und tragen zur Aufrechterhaltung [&hellip;]<\/p>\n","protected":false},"featured_media":51085,"template":"","meta":{"_acf_changed":false},"product_brand":[336],"product_cat":[793],"product_tag":[],"class_list":{"0":"post-51083","1":"product","2":"type-product","3":"status-publish","4":"has-post-thumbnail","6":"product_brand-pure-encapsulations","7":"product_cat-p","8":"pa_packungsgroesse-180-stueck","9":"pa_packungsgroesse-90-stueck","11":"first","12":"instock","13":"shipping-taxable","14":"purchasable","15":"product-type-simple"},"acf":[],"_links":{"self":[{"href":"https:\/\/www.ernstbrunn-apotheke.at\/katalog\/wp-json\/wp\/v2\/product\/51083","targetHints":{"allow":["GET"]}}],"collection":[{"href":"https:\/\/www.ernstbrunn-apotheke.at\/katalog\/wp-json\/wp\/v2\/product"}],"about":[{"href":"https:\/\/www.ernstbrunn-apotheke.at\/katalog\/wp-json\/wp\/v2\/types\/product"}],"wp:featuredmedia":[{"embeddable":true,"href":"https:\/\/www.ernstbrunn-apotheke.at\/katalog\/wp-json\/wp\/v2\/media\/51085"}],"wp:attachment":[{"href":"https:\/\/www.ernstbrunn-apotheke.at\/katalog\/wp-json\/wp\/v2\/media?parent=51083"}],"wp:term":[{"taxonomy":"product_brand","embeddable":true,"href":"https:\/\/www.ernstbrunn-apotheke.at\/katalog\/wp-json\/wp\/v2\/product_brand?post=51083"},{"taxonomy":"product_cat","embeddable":true,"href":"https:\/\/www.ernstbrunn-apotheke.at\/katalog\/wp-json\/wp\/v2\/product_cat?post=51083"},{"taxonomy":"product_tag","embeddable":true,"href":"https:\/\/www.ernstbrunn-apotheke.at\/katalog\/wp-json\/wp\/v2\/product_tag?post=51083"}],"curies":[{"name":"wp","href":"https:\/\/api.w.org\/{rel}","templated":true}]}}