{"id":51079,"date":"2025-11-10T19:02:53","date_gmt":"2025-11-10T18:02:53","guid":{"rendered":"https:\/\/www.ernstbrunn-apotheke.at\/katalog\/produkt\/cedumed-ginkgo-kapseln-30-stk\/"},"modified":"2025-12-08T16:44:27","modified_gmt":"2025-12-08T15:44:27","slug":"cedumed-ginkgo-kapseln-30-stk","status":"publish","type":"product","link":"https:\/\/www.ernstbrunn-apotheke.at\/katalog\/produkt\/cedumed-ginkgo-kapseln-30-stk\/","title":{"rendered":"Cedumed Ginkgo Kapseln 30 Stk."},"content":{"rendered":"<p>Cedumed Ginkgo Kapseln dienen zur Unterst\u00fctzung der Mikrozirkulation des Blutes. Au\u00dferdem werden sie auch zum Erhalt der kognitiven Funktionen des Gehirns eingesetzt, was sich positiv auf die Ged\u00e4chtnisleistung, das Konzentrationsverm\u00f6gen und die Lernf\u00e4higkeit auswirkt. Dar\u00fcber hinaus bieten die Kapseln Schutz vor sch\u00e4dlichen freien Radikalen.<\/p>\n","protected":false},"excerpt":{"rendered":"<p>Cedumed Ginkgo Kapseln dienen zur Unterst\u00fctzung der Mikrozirkulation des Blutes. Au\u00dferdem werden sie auch zum Erhalt der kognitiven Funktionen des Gehirns eingesetzt, was sich positiv auf die Ged\u00e4chtnisleistung, das Konzentrationsverm\u00f6gen und die Lernf\u00e4higkeit auswirkt. Dar\u00fcber hinaus bieten die Kapseln Schutz vor sch\u00e4dlichen freien Radikalen.<\/p>\n","protected":false},"featured_media":51081,"template":"","meta":{"_acf_changed":false},"product_brand":[1053],"product_cat":[812],"product_tag":[],"class_list":{"0":"post-51079","1":"product","2":"type-product","3":"status-publish","4":"has-post-thumbnail","6":"product_brand-eca-medical","7":"product_cat-c","8":"pa_packungsgroesse-30-stueck","9":"pa_packungsgroesse-90-stueck","11":"first","12":"instock","13":"shipping-taxable","14":"purchasable","15":"product-type-simple"},"acf":[],"_links":{"self":[{"href":"https:\/\/www.ernstbrunn-apotheke.at\/katalog\/wp-json\/wp\/v2\/product\/51079","targetHints":{"allow":["GET"]}}],"collection":[{"href":"https:\/\/www.ernstbrunn-apotheke.at\/katalog\/wp-json\/wp\/v2\/product"}],"about":[{"href":"https:\/\/www.ernstbrunn-apotheke.at\/katalog\/wp-json\/wp\/v2\/types\/product"}],"wp:featuredmedia":[{"embeddable":true,"href":"https:\/\/www.ernstbrunn-apotheke.at\/katalog\/wp-json\/wp\/v2\/media\/51081"}],"wp:attachment":[{"href":"https:\/\/www.ernstbrunn-apotheke.at\/katalog\/wp-json\/wp\/v2\/media?parent=51079"}],"wp:term":[{"taxonomy":"product_brand","embeddable":true,"href":"https:\/\/www.ernstbrunn-apotheke.at\/katalog\/wp-json\/wp\/v2\/product_brand?post=51079"},{"taxonomy":"product_cat","embeddable":true,"href":"https:\/\/www.ernstbrunn-apotheke.at\/katalog\/wp-json\/wp\/v2\/product_cat?post=51079"},{"taxonomy":"product_tag","embeddable":true,"href":"https:\/\/www.ernstbrunn-apotheke.at\/katalog\/wp-json\/wp\/v2\/product_tag?post=51079"}],"curies":[{"name":"wp","href":"https:\/\/api.w.org\/{rel}","templated":true}]}}