{"id":50997,"date":"2025-11-10T19:01:53","date_gmt":"2025-11-10T18:01:53","guid":{"rendered":"https:\/\/www.ernstbrunn-apotheke.at\/katalog\/produkt\/zinkamin-tabletten\/"},"modified":"2025-12-08T16:44:14","modified_gmt":"2025-12-08T15:44:14","slug":"zinkamin-tabletten","status":"publish","type":"product","link":"https:\/\/www.ernstbrunn-apotheke.at\/katalog\/produkt\/zinkamin-tabletten\/","title":{"rendered":"Zinkamin Tabletten"},"content":{"rendered":"<p>Zinkamin Tabletten sind ein Nahrungserg\u00e4nzungsmittel mit Zink. Das Multitalent mit dem Spurenelement Zink reguliert \u00fcber 300 Enzyme, sch\u00fctzt vor oxidativem Stress und unterst\u00fctzt das Immunsystem.<\/p>\n","protected":false},"excerpt":{"rendered":"<p>Zinkamin Tabletten sind ein Nahrungserg\u00e4nzungsmittel mit Zink. Das Multitalent mit dem Spurenelement Zink reguliert \u00fcber 300 Enzyme, sch\u00fctzt vor oxidativem Stress und unterst\u00fctzt das Immunsystem.<\/p>\n","protected":false},"featured_media":50999,"template":"","meta":{"_acf_changed":false},"product_brand":[],"product_cat":[803],"product_tag":[],"class_list":{"0":"post-50997","1":"product","2":"type-product","3":"status-publish","4":"has-post-thumbnail","6":"product_cat-z","7":"pa_farbe-weiss","8":"pa_geschmack-neutral","9":"pa_packungsgroesse-90-stueck","11":"first","12":"instock","13":"shipping-taxable","14":"purchasable","15":"product-type-simple"},"acf":[],"_links":{"self":[{"href":"https:\/\/www.ernstbrunn-apotheke.at\/katalog\/wp-json\/wp\/v2\/product\/50997","targetHints":{"allow":["GET"]}}],"collection":[{"href":"https:\/\/www.ernstbrunn-apotheke.at\/katalog\/wp-json\/wp\/v2\/product"}],"about":[{"href":"https:\/\/www.ernstbrunn-apotheke.at\/katalog\/wp-json\/wp\/v2\/types\/product"}],"wp:featuredmedia":[{"embeddable":true,"href":"https:\/\/www.ernstbrunn-apotheke.at\/katalog\/wp-json\/wp\/v2\/media\/50999"}],"wp:attachment":[{"href":"https:\/\/www.ernstbrunn-apotheke.at\/katalog\/wp-json\/wp\/v2\/media?parent=50997"}],"wp:term":[{"taxonomy":"product_brand","embeddable":true,"href":"https:\/\/www.ernstbrunn-apotheke.at\/katalog\/wp-json\/wp\/v2\/product_brand?post=50997"},{"taxonomy":"product_cat","embeddable":true,"href":"https:\/\/www.ernstbrunn-apotheke.at\/katalog\/wp-json\/wp\/v2\/product_cat?post=50997"},{"taxonomy":"product_tag","embeddable":true,"href":"https:\/\/www.ernstbrunn-apotheke.at\/katalog\/wp-json\/wp\/v2\/product_tag?post=50997"}],"curies":[{"name":"wp","href":"https:\/\/api.w.org\/{rel}","templated":true}]}}