{"id":50981,"date":"2025-11-10T18:58:08","date_gmt":"2025-11-10T17:58:08","guid":{"rendered":"https:\/\/www.ernstbrunn-apotheke.at\/katalog\/produkt\/vitamin-c-cerola-taler\/"},"modified":"2025-12-08T16:44:12","modified_gmt":"2025-12-08T15:44:12","slug":"vitamin-c-cerola-taler","status":"publish","type":"product","link":"https:\/\/www.ernstbrunn-apotheke.at\/katalog\/produkt\/vitamin-c-cerola-taler\/","title":{"rendered":"Vitamin C Cerola Taler"},"content":{"rendered":"<p>CEROLA Vitamin-C-Taler \u00fcbernimmt im menschlichen K\u00f6rper viele lebenswichtige Aufgaben: Es tr\u00e4gt zum Schutz vor oxidativem Stress bei, verbessert die Aufnahme von Eisen, unterst\u00fctzt den Aufbau von Z\u00e4hnen, Knochen und Bindegewebe und tr\u00e4gt zur Verminderung von M\u00fcdigkeit und Erm\u00fcdung bei. Vor allem aber ist Vitamin C f\u00fcr seine positive Wirkung auf das Immunsystem bekannt.<\/p>\n","protected":false},"excerpt":{"rendered":"<p>CEROLA Vitamin-C-Taler \u00fcbernimmt im menschlichen K\u00f6rper viele lebenswichtige Aufgaben: Es tr\u00e4gt zum Schutz vor oxidativem Stress bei, verbessert die Aufnahme von Eisen, unterst\u00fctzt den Aufbau von Z\u00e4hnen, Knochen und Bindegewebe und tr\u00e4gt zur Verminderung von M\u00fcdigkeit und Erm\u00fcdung bei. Vor allem aber ist Vitamin C f\u00fcr seine positive Wirkung auf das Immunsystem bekannt.<\/p>\n","protected":false},"featured_media":50983,"template":"","meta":{"_acf_changed":false},"product_brand":[607],"product_cat":[799],"product_tag":[],"class_list":{"0":"post-50981","1":"product","2":"type-product","3":"status-publish","4":"has-post-thumbnail","6":"product_brand-dr-grandel","7":"product_cat-v","8":"pa_packungsgroesse-16-stueck","9":"pa_packungsgroesse-32-stueck","10":"pa_packungsgroesse-60-stueck","11":"pa_packungsgroesse-96-stueck","13":"first","14":"instock","15":"shipping-taxable","16":"purchasable","17":"product-type-simple"},"acf":[],"_links":{"self":[{"href":"https:\/\/www.ernstbrunn-apotheke.at\/katalog\/wp-json\/wp\/v2\/product\/50981","targetHints":{"allow":["GET"]}}],"collection":[{"href":"https:\/\/www.ernstbrunn-apotheke.at\/katalog\/wp-json\/wp\/v2\/product"}],"about":[{"href":"https:\/\/www.ernstbrunn-apotheke.at\/katalog\/wp-json\/wp\/v2\/types\/product"}],"wp:featuredmedia":[{"embeddable":true,"href":"https:\/\/www.ernstbrunn-apotheke.at\/katalog\/wp-json\/wp\/v2\/media\/50983"}],"wp:attachment":[{"href":"https:\/\/www.ernstbrunn-apotheke.at\/katalog\/wp-json\/wp\/v2\/media?parent=50981"}],"wp:term":[{"taxonomy":"product_brand","embeddable":true,"href":"https:\/\/www.ernstbrunn-apotheke.at\/katalog\/wp-json\/wp\/v2\/product_brand?post=50981"},{"taxonomy":"product_cat","embeddable":true,"href":"https:\/\/www.ernstbrunn-apotheke.at\/katalog\/wp-json\/wp\/v2\/product_cat?post=50981"},{"taxonomy":"product_tag","embeddable":true,"href":"https:\/\/www.ernstbrunn-apotheke.at\/katalog\/wp-json\/wp\/v2\/product_tag?post=50981"}],"curies":[{"name":"wp","href":"https:\/\/api.w.org\/{rel}","templated":true}]}}