{"id":50904,"date":"2025-11-10T18:53:23","date_gmt":"2025-11-10T17:53:23","guid":{"rendered":"https:\/\/www.ernstbrunn-apotheke.at\/katalog\/produkt\/centrum-frisch-fruchtig-tabletten-60-stk\/"},"modified":"2025-12-08T16:44:01","modified_gmt":"2025-12-08T15:44:01","slug":"centrum-frisch-fruchtig-tabletten-60-stk","status":"publish","type":"product","link":"https:\/\/www.ernstbrunn-apotheke.at\/katalog\/produkt\/centrum-frisch-fruchtig-tabletten-60-stk\/","title":{"rendered":"Centrum frisch &#038; fruchtig Tabletten 60 Stk."},"content":{"rendered":"<p>Centrum frisch &#038; fruchtig Lutsch-Tabletten enth\u00e4lt sorgf\u00e4ltig aufeinander abgestimmte Vitamine, Mineralstoffe und Spurenelemente. Diese N\u00e4hrstoffe unterst\u00fctzen den Funktionsablauf unseres K\u00f6rpers und sind wie Kohlenhydrate, Fette und Proteine (Eiwei\u00dfe) Bestandteile unserer Lebensmittel, allerdings in sehr viel kleineren Mengen. Sie sind essentiell, d.h. lebensnotwendig, da unser K\u00f6rper sie nicht selbst aufbauen kann.<\/p>\n","protected":false},"excerpt":{"rendered":"<p>Centrum frisch &#038; fruchtig Lutsch-Tabletten enth\u00e4lt sorgf\u00e4ltig aufeinander abgestimmte Vitamine, Mineralstoffe und Spurenelemente. Diese N\u00e4hrstoffe unterst\u00fctzen den Funktionsablauf unseres K\u00f6rpers und sind wie Kohlenhydrate, Fette und Proteine (Eiwei\u00dfe) Bestandteile unserer Lebensmittel, allerdings in sehr viel kleineren Mengen. Sie sind essentiell, d.h. lebensnotwendig, da unser K\u00f6rper sie nicht selbst aufbauen kann.<\/p>\n","protected":false},"featured_media":50906,"template":"","meta":{"_acf_changed":false},"product_brand":[1052],"product_cat":[812],"product_tag":[],"class_list":{"0":"post-50904","1":"product","2":"type-product","3":"status-publish","4":"has-post-thumbnail","6":"product_brand-centrum","7":"product_cat-c","8":"pa_packungsgroesse-60-stueck","10":"first","11":"instock","12":"shipping-taxable","13":"purchasable","14":"product-type-simple"},"acf":[],"_links":{"self":[{"href":"https:\/\/www.ernstbrunn-apotheke.at\/katalog\/wp-json\/wp\/v2\/product\/50904","targetHints":{"allow":["GET"]}}],"collection":[{"href":"https:\/\/www.ernstbrunn-apotheke.at\/katalog\/wp-json\/wp\/v2\/product"}],"about":[{"href":"https:\/\/www.ernstbrunn-apotheke.at\/katalog\/wp-json\/wp\/v2\/types\/product"}],"wp:featuredmedia":[{"embeddable":true,"href":"https:\/\/www.ernstbrunn-apotheke.at\/katalog\/wp-json\/wp\/v2\/media\/50906"}],"wp:attachment":[{"href":"https:\/\/www.ernstbrunn-apotheke.at\/katalog\/wp-json\/wp\/v2\/media?parent=50904"}],"wp:term":[{"taxonomy":"product_brand","embeddable":true,"href":"https:\/\/www.ernstbrunn-apotheke.at\/katalog\/wp-json\/wp\/v2\/product_brand?post=50904"},{"taxonomy":"product_cat","embeddable":true,"href":"https:\/\/www.ernstbrunn-apotheke.at\/katalog\/wp-json\/wp\/v2\/product_cat?post=50904"},{"taxonomy":"product_tag","embeddable":true,"href":"https:\/\/www.ernstbrunn-apotheke.at\/katalog\/wp-json\/wp\/v2\/product_tag?post=50904"}],"curies":[{"name":"wp","href":"https:\/\/api.w.org\/{rel}","templated":true}]}}