{"id":50876,"date":"2025-11-10T18:52:52","date_gmt":"2025-11-10T17:52:52","guid":{"rendered":"https:\/\/www.ernstbrunn-apotheke.at\/katalog\/produkt\/pure-encapsulations-calcium-magnesium-90-stk\/"},"modified":"2025-12-08T16:43:55","modified_gmt":"2025-12-08T15:43:55","slug":"pure-encapsulations-calcium-magnesium-90-stk","status":"publish","type":"product","link":"https:\/\/www.ernstbrunn-apotheke.at\/katalog\/produkt\/pure-encapsulations-calcium-magnesium-90-stk\/","title":{"rendered":"Pure Encapsulations Calcium Magnesium 90 Stk."},"content":{"rendered":"<p>Gut bioverf\u00fcgbare Mineralstoff-Kombination f\u00fcr Muskulatur und Nerven: Calcium ist im menschlichen Organismus der mengenm\u00e4\u00dfig h\u00e4ufigste Mineralstoff, wobei die Versorgung und der Bedarf sehr individuell sind. Die Bedeutung des Mineralstoffs reicht von der Aufrechterhaltung einer normalen Knochendichte bis zu einer gut funktionierenden Reizleitung (Kommunikation der Nervenzellen). Magnesium aktiviert mehr als 300 Enzymsysteme und ist f\u00fcr den Energiestoffwechsel von gro\u00dfer Bedeutung. Das gemeinsame Vorhandensein von Calcium und Magnesium ist f\u00fcr die Muskelfunktion essentiell. Das organisch gebundene Calcium-\/Magnesiumcitrat von Pure Encapsulations liefert beide Mineralstoffe in einem ausgewogenen Verh\u00e4ltnis und ist besonders gut vertr\u00e4glich.<\/p>\n","protected":false},"excerpt":{"rendered":"<p>Gut bioverf\u00fcgbare Mineralstoff-Kombination f\u00fcr Muskulatur und Nerven: Calcium ist im menschlichen Organismus der mengenm\u00e4\u00dfig h\u00e4ufigste Mineralstoff, wobei die Versorgung und der Bedarf sehr individuell sind. Die Bedeutung des Mineralstoffs reicht von der Aufrechterhaltung einer normalen Knochendichte bis zu einer gut funktionierenden Reizleitung (Kommunikation der Nervenzellen). Magnesium aktiviert mehr als 300 Enzymsysteme und ist f\u00fcr den [&hellip;]<\/p>\n","protected":false},"featured_media":50878,"template":"","meta":{"_acf_changed":false},"product_brand":[336],"product_cat":[793],"product_tag":[],"class_list":{"0":"post-50876","1":"product","2":"type-product","3":"status-publish","4":"has-post-thumbnail","6":"product_brand-pure-encapsulations","7":"product_cat-p","8":"pa_packungsgroesse-90-stueck","10":"first","11":"instock","12":"shipping-taxable","13":"purchasable","14":"product-type-simple"},"acf":[],"_links":{"self":[{"href":"https:\/\/www.ernstbrunn-apotheke.at\/katalog\/wp-json\/wp\/v2\/product\/50876","targetHints":{"allow":["GET"]}}],"collection":[{"href":"https:\/\/www.ernstbrunn-apotheke.at\/katalog\/wp-json\/wp\/v2\/product"}],"about":[{"href":"https:\/\/www.ernstbrunn-apotheke.at\/katalog\/wp-json\/wp\/v2\/types\/product"}],"wp:featuredmedia":[{"embeddable":true,"href":"https:\/\/www.ernstbrunn-apotheke.at\/katalog\/wp-json\/wp\/v2\/media\/50878"}],"wp:attachment":[{"href":"https:\/\/www.ernstbrunn-apotheke.at\/katalog\/wp-json\/wp\/v2\/media?parent=50876"}],"wp:term":[{"taxonomy":"product_brand","embeddable":true,"href":"https:\/\/www.ernstbrunn-apotheke.at\/katalog\/wp-json\/wp\/v2\/product_brand?post=50876"},{"taxonomy":"product_cat","embeddable":true,"href":"https:\/\/www.ernstbrunn-apotheke.at\/katalog\/wp-json\/wp\/v2\/product_cat?post=50876"},{"taxonomy":"product_tag","embeddable":true,"href":"https:\/\/www.ernstbrunn-apotheke.at\/katalog\/wp-json\/wp\/v2\/product_tag?post=50876"}],"curies":[{"name":"wp","href":"https:\/\/api.w.org\/{rel}","templated":true}]}}