{"id":50848,"date":"2025-11-10T18:52:12","date_gmt":"2025-11-10T17:52:12","guid":{"rendered":"https:\/\/www.ernstbrunn-apotheke.at\/katalog\/produkt\/pure-encapsulations-l-arginin-90-stk\/"},"modified":"2025-12-08T16:43:49","modified_gmt":"2025-12-08T15:43:49","slug":"pure-encapsulations-l-arginin-90-stk","status":"publish","type":"product","link":"https:\/\/www.ernstbrunn-apotheke.at\/katalog\/produkt\/pure-encapsulations-l-arginin-90-stk\/","title":{"rendered":"Pure Encapsulations L-Arginin 90 Stk."},"content":{"rendered":"<p>L-Arginin ist eine bedingt-lebensnotwendige Aminos\u00e4ure. Siefungiert im Organismus als nat\u00fcrliche Ausgangssubstanz f\u00fcr dieSynthese des Botenstoffes Stickstoffmonoxid (NO). Dieser hat unteranderem eine physiologische Bedeutung f\u00fcr die Gef\u00e4\u00dffunktion. Alsbedingt lebensnotwendige Aminos\u00e4ure kann L-Arginin vom K\u00f6rperselbst hergestellt werden. Allerdings nicht immer in ausreichenderMenge.<\/p>\n","protected":false},"excerpt":{"rendered":"<p>L-Arginin ist eine bedingt-lebensnotwendige Aminos\u00e4ure. Siefungiert im Organismus als nat\u00fcrliche Ausgangssubstanz f\u00fcr dieSynthese des Botenstoffes Stickstoffmonoxid (NO). Dieser hat unteranderem eine physiologische Bedeutung f\u00fcr die Gef\u00e4\u00dffunktion. Alsbedingt lebensnotwendige Aminos\u00e4ure kann L-Arginin vom K\u00f6rperselbst hergestellt werden. Allerdings nicht immer in ausreichenderMenge.<\/p>\n","protected":false},"featured_media":50850,"template":"","meta":{"_acf_changed":false},"product_brand":[336],"product_cat":[793],"product_tag":[],"class_list":{"0":"post-50848","1":"product","2":"type-product","3":"status-publish","4":"has-post-thumbnail","6":"product_brand-pure-encapsulations","7":"product_cat-p","8":"pa_packungsgroesse-90-stueck","10":"first","11":"instock","12":"shipping-taxable","13":"purchasable","14":"product-type-simple"},"acf":[],"_links":{"self":[{"href":"https:\/\/www.ernstbrunn-apotheke.at\/katalog\/wp-json\/wp\/v2\/product\/50848","targetHints":{"allow":["GET"]}}],"collection":[{"href":"https:\/\/www.ernstbrunn-apotheke.at\/katalog\/wp-json\/wp\/v2\/product"}],"about":[{"href":"https:\/\/www.ernstbrunn-apotheke.at\/katalog\/wp-json\/wp\/v2\/types\/product"}],"wp:featuredmedia":[{"embeddable":true,"href":"https:\/\/www.ernstbrunn-apotheke.at\/katalog\/wp-json\/wp\/v2\/media\/50850"}],"wp:attachment":[{"href":"https:\/\/www.ernstbrunn-apotheke.at\/katalog\/wp-json\/wp\/v2\/media?parent=50848"}],"wp:term":[{"taxonomy":"product_brand","embeddable":true,"href":"https:\/\/www.ernstbrunn-apotheke.at\/katalog\/wp-json\/wp\/v2\/product_brand?post=50848"},{"taxonomy":"product_cat","embeddable":true,"href":"https:\/\/www.ernstbrunn-apotheke.at\/katalog\/wp-json\/wp\/v2\/product_cat?post=50848"},{"taxonomy":"product_tag","embeddable":true,"href":"https:\/\/www.ernstbrunn-apotheke.at\/katalog\/wp-json\/wp\/v2\/product_tag?post=50848"}],"curies":[{"name":"wp","href":"https:\/\/api.w.org\/{rel}","templated":true}]}}