{"id":50834,"date":"2025-11-10T18:52:12","date_gmt":"2025-11-10T17:52:12","guid":{"rendered":"https:\/\/www.ernstbrunn-apotheke.at\/katalog\/produkt\/magnesium-verla-direkt-stick-citrusgeschmack\/"},"modified":"2025-12-08T16:43:46","modified_gmt":"2025-12-08T15:43:46","slug":"magnesium-verla-direkt-stick-citrusgeschmack","status":"publish","type":"product","link":"https:\/\/www.ernstbrunn-apotheke.at\/katalog\/produkt\/magnesium-verla-direkt-stick-citrusgeschmack\/","title":{"rendered":"Magnesium Verla direkt Stick Citrusgeschmack"},"content":{"rendered":"<p>Magnesium Verla direkt Stick f\u00fcgt dem K\u00f6rper Magnesium zu, welches er selbst nicht in der Lage ist herzustellen. Eine ausreichende Magnesiumzufuhr tr\u00e4gt zur Verringerung von M\u00fcdigkeit und Ersch\u00f6pfung bei &#8211; der K\u00f6rper bleibt leistungsbereit.<\/p>\n","protected":false},"excerpt":{"rendered":"<p>Magnesium Verla direkt Stick f\u00fcgt dem K\u00f6rper Magnesium zu, welches er selbst nicht in der Lage ist herzustellen. Eine ausreichende Magnesiumzufuhr tr\u00e4gt zur Verringerung von M\u00fcdigkeit und Ersch\u00f6pfung bei &#8211; der K\u00f6rper bleibt leistungsbereit.<\/p>\n","protected":false},"featured_media":50836,"template":"","meta":{"_acf_changed":false},"product_brand":[1043],"product_cat":[800],"product_tag":[],"class_list":{"0":"post-50834","1":"product","2":"type-product","3":"status-publish","4":"has-post-thumbnail","6":"product_brand-verla","7":"product_cat-m","8":"pa_geschmack-citrus","9":"pa_packungsgroesse-30-stueck","11":"first","12":"instock","13":"shipping-taxable","14":"purchasable","15":"product-type-simple"},"acf":[],"_links":{"self":[{"href":"https:\/\/www.ernstbrunn-apotheke.at\/katalog\/wp-json\/wp\/v2\/product\/50834","targetHints":{"allow":["GET"]}}],"collection":[{"href":"https:\/\/www.ernstbrunn-apotheke.at\/katalog\/wp-json\/wp\/v2\/product"}],"about":[{"href":"https:\/\/www.ernstbrunn-apotheke.at\/katalog\/wp-json\/wp\/v2\/types\/product"}],"wp:featuredmedia":[{"embeddable":true,"href":"https:\/\/www.ernstbrunn-apotheke.at\/katalog\/wp-json\/wp\/v2\/media\/50836"}],"wp:attachment":[{"href":"https:\/\/www.ernstbrunn-apotheke.at\/katalog\/wp-json\/wp\/v2\/media?parent=50834"}],"wp:term":[{"taxonomy":"product_brand","embeddable":true,"href":"https:\/\/www.ernstbrunn-apotheke.at\/katalog\/wp-json\/wp\/v2\/product_brand?post=50834"},{"taxonomy":"product_cat","embeddable":true,"href":"https:\/\/www.ernstbrunn-apotheke.at\/katalog\/wp-json\/wp\/v2\/product_cat?post=50834"},{"taxonomy":"product_tag","embeddable":true,"href":"https:\/\/www.ernstbrunn-apotheke.at\/katalog\/wp-json\/wp\/v2\/product_tag?post=50834"}],"curies":[{"name":"wp","href":"https:\/\/api.w.org\/{rel}","templated":true}]}}