{"id":50824,"date":"2025-11-10T18:52:12","date_gmt":"2025-11-10T17:52:12","guid":{"rendered":"https:\/\/www.ernstbrunn-apotheke.at\/katalog\/produkt\/burgerstein-zinkvital-30-mg-tabletten-40-stk\/"},"modified":"2025-12-08T16:43:45","modified_gmt":"2025-12-08T15:43:45","slug":"burgerstein-zinkvital-30-mg-tabletten-40-stk","status":"publish","type":"product","link":"https:\/\/www.ernstbrunn-apotheke.at\/katalog\/produkt\/burgerstein-zinkvital-30-mg-tabletten-40-stk\/","title":{"rendered":"Burgerstein Zinkvital 30 mg Tabletten 40 Stk."},"content":{"rendered":"<p>Burgerstein Zinkvital 30 mg ist ein Nahrungserg\u00e4nzungsmittel. Zink tr\u00e4gt zu einer normalen Funktion des Immunsystems bei. Es hat eine Funktion bei der Zellteilung und tr\u00e4gt dazu bei, die Zellen vor oxidativem Stress zu sch\u00fctzen. Weiter unterst\u00fctzt es die normale Fruchtbarkeit und die normale Reproduktion sowie die Erhaltung normaler Haut, N\u00e4gel und Knochen. erhalten Sie dieses Produkt in Packungen zu 40 und 100 St\u00fcck.<\/p>\n","protected":false},"excerpt":{"rendered":"<p>Burgerstein Zinkvital 30 mg ist ein Nahrungserg\u00e4nzungsmittel. Zink tr\u00e4gt zu einer normalen Funktion des Immunsystems bei. Es hat eine Funktion bei der Zellteilung und tr\u00e4gt dazu bei, die Zellen vor oxidativem Stress zu sch\u00fctzen. Weiter unterst\u00fctzt es die normale Fruchtbarkeit und die normale Reproduktion sowie die Erhaltung normaler Haut, N\u00e4gel und Knochen. erhalten Sie dieses [&hellip;]<\/p>\n","protected":false},"featured_media":50826,"template":"","meta":{"_acf_changed":false},"product_brand":[446],"product_cat":[802],"product_tag":[],"class_list":{"0":"post-50824","1":"product","2":"type-product","3":"status-publish","4":"has-post-thumbnail","6":"product_brand-burgerstein","7":"product_cat-b","8":"pa_packungsgroesse-40-stueck","10":"first","11":"instock","12":"shipping-taxable","13":"purchasable","14":"product-type-simple"},"acf":[],"_links":{"self":[{"href":"https:\/\/www.ernstbrunn-apotheke.at\/katalog\/wp-json\/wp\/v2\/product\/50824","targetHints":{"allow":["GET"]}}],"collection":[{"href":"https:\/\/www.ernstbrunn-apotheke.at\/katalog\/wp-json\/wp\/v2\/product"}],"about":[{"href":"https:\/\/www.ernstbrunn-apotheke.at\/katalog\/wp-json\/wp\/v2\/types\/product"}],"wp:featuredmedia":[{"embeddable":true,"href":"https:\/\/www.ernstbrunn-apotheke.at\/katalog\/wp-json\/wp\/v2\/media\/50826"}],"wp:attachment":[{"href":"https:\/\/www.ernstbrunn-apotheke.at\/katalog\/wp-json\/wp\/v2\/media?parent=50824"}],"wp:term":[{"taxonomy":"product_brand","embeddable":true,"href":"https:\/\/www.ernstbrunn-apotheke.at\/katalog\/wp-json\/wp\/v2\/product_brand?post=50824"},{"taxonomy":"product_cat","embeddable":true,"href":"https:\/\/www.ernstbrunn-apotheke.at\/katalog\/wp-json\/wp\/v2\/product_cat?post=50824"},{"taxonomy":"product_tag","embeddable":true,"href":"https:\/\/www.ernstbrunn-apotheke.at\/katalog\/wp-json\/wp\/v2\/product_tag?post=50824"}],"curies":[{"name":"wp","href":"https:\/\/api.w.org\/{rel}","templated":true}]}}