{"id":50750,"date":"2025-11-10T18:50:22","date_gmt":"2025-11-10T17:50:22","guid":{"rendered":"https:\/\/www.ernstbrunn-apotheke.at\/katalog\/produkt\/solarvit-immun-tabletten-1000-i-e-60-stk\/"},"modified":"2025-12-08T16:43:34","modified_gmt":"2025-12-08T15:43:34","slug":"solarvit-immun-tabletten-1000-i-e-60-stk","status":"publish","type":"product","link":"https:\/\/www.ernstbrunn-apotheke.at\/katalog\/produkt\/solarvit-immun-tabletten-1000-i-e-60-stk\/","title":{"rendered":"Solarvit Immun Tabletten 1000 I.E. 60 Stk."},"content":{"rendered":"<p>Vitamin D3 \u2013 als t\u00e4glicher Beitrag f\u00fcr ein gesundes Immunsystem. Neue wissenschaftliche Erkenntnisse haben die Bedeutung von Vitamin D f\u00fcr das Immunsystem best\u00e4tigt. Nur ein gesundes, funktionierendes Immunsystem gew\u00e4hrleistet eine normale Abwehrkraft. Solarvit Immun Tabletten bieten Ihnen somit die ideale L\u00f6sung zur St\u00e4rkung ihres Immunsystems.<\/p>\n","protected":false},"excerpt":{"rendered":"<p>Vitamin D3 \u2013 als t\u00e4glicher Beitrag f\u00fcr ein gesundes Immunsystem. Neue wissenschaftliche Erkenntnisse haben die Bedeutung von Vitamin D f\u00fcr das Immunsystem best\u00e4tigt. Nur ein gesundes, funktionierendes Immunsystem gew\u00e4hrleistet eine normale Abwehrkraft. Solarvit Immun Tabletten bieten Ihnen somit die ideale L\u00f6sung zur St\u00e4rkung ihres Immunsystems.<\/p>\n","protected":false},"featured_media":50752,"template":"","meta":{"_acf_changed":false},"product_brand":[1050],"product_cat":[791],"product_tag":[],"class_list":{"0":"post-50750","1":"product","2":"type-product","3":"status-publish","4":"has-post-thumbnail","6":"product_brand-solarvit","7":"product_cat-s","8":"pa_packungsgroesse-60-stueck","10":"first","11":"instock","12":"shipping-taxable","13":"purchasable","14":"product-type-simple"},"acf":[],"_links":{"self":[{"href":"https:\/\/www.ernstbrunn-apotheke.at\/katalog\/wp-json\/wp\/v2\/product\/50750","targetHints":{"allow":["GET"]}}],"collection":[{"href":"https:\/\/www.ernstbrunn-apotheke.at\/katalog\/wp-json\/wp\/v2\/product"}],"about":[{"href":"https:\/\/www.ernstbrunn-apotheke.at\/katalog\/wp-json\/wp\/v2\/types\/product"}],"wp:featuredmedia":[{"embeddable":true,"href":"https:\/\/www.ernstbrunn-apotheke.at\/katalog\/wp-json\/wp\/v2\/media\/50752"}],"wp:attachment":[{"href":"https:\/\/www.ernstbrunn-apotheke.at\/katalog\/wp-json\/wp\/v2\/media?parent=50750"}],"wp:term":[{"taxonomy":"product_brand","embeddable":true,"href":"https:\/\/www.ernstbrunn-apotheke.at\/katalog\/wp-json\/wp\/v2\/product_brand?post=50750"},{"taxonomy":"product_cat","embeddable":true,"href":"https:\/\/www.ernstbrunn-apotheke.at\/katalog\/wp-json\/wp\/v2\/product_cat?post=50750"},{"taxonomy":"product_tag","embeddable":true,"href":"https:\/\/www.ernstbrunn-apotheke.at\/katalog\/wp-json\/wp\/v2\/product_tag?post=50750"}],"curies":[{"name":"wp","href":"https:\/\/api.w.org\/{rel}","templated":true}]}}