{"id":50681,"date":"2025-11-10T18:48:50","date_gmt":"2025-11-10T17:48:50","guid":{"rendered":"https:\/\/www.ernstbrunn-apotheke.at\/katalog\/produkt\/oleovital-eisen-sachets-forte-30-stk\/"},"modified":"2025-12-08T16:43:22","modified_gmt":"2025-12-08T15:43:22","slug":"oleovital-eisen-sachets-forte-30-stk","status":"publish","type":"product","link":"https:\/\/www.ernstbrunn-apotheke.at\/katalog\/produkt\/oleovital-eisen-sachets-forte-30-stk\/","title":{"rendered":"Oleovital Eisen Sachets Forte 30 Stk."},"content":{"rendered":"<p>OLEOvital\u00ae EISEN FORTE ist ein Nahrungserg\u00e4nzungsmittel mit 30 mg Eisen pro Einzeldosis und Vitamin C. Durch die einzigartige Formulierung wird das Eisen erst in der Leber freigesetzt, wodurch Reizungen im Magen und Darm vermieden werden. OLEOvital\u00ae EISEN FORTE ist ideal zum raschen Ausgleich eines Eisenmangels und zur Deckung eines sehr hohen Eisenbedarfs. Das Produkt \u00fcberzeugt durch sehr gute Vertr\u00e4glichkeit, praktische Einnahme und k\u00f6stlichen Geschmack..<\/p>\n","protected":false},"excerpt":{"rendered":"<p>OLEOvital\u00ae EISEN FORTE ist ein Nahrungserg\u00e4nzungsmittel mit 30 mg Eisen pro Einzeldosis und Vitamin C. Durch die einzigartige Formulierung wird das Eisen erst in der Leber freigesetzt, wodurch Reizungen im Magen und Darm vermieden werden. OLEOvital\u00ae EISEN FORTE ist ideal zum raschen Ausgleich eines Eisenmangels und zur Deckung eines sehr hohen Eisenbedarfs. Das Produkt \u00fcberzeugt [&hellip;]<\/p>\n","protected":false},"featured_media":50683,"template":"","meta":{"_acf_changed":false},"product_brand":[],"product_cat":[819],"product_tag":[],"class_list":{"0":"post-50681","1":"product","2":"type-product","3":"status-publish","4":"has-post-thumbnail","6":"product_cat-o","7":"pa_packungsgroesse-30-beutel","9":"first","10":"instock","11":"shipping-taxable","12":"purchasable","13":"product-type-simple"},"acf":[],"_links":{"self":[{"href":"https:\/\/www.ernstbrunn-apotheke.at\/katalog\/wp-json\/wp\/v2\/product\/50681","targetHints":{"allow":["GET"]}}],"collection":[{"href":"https:\/\/www.ernstbrunn-apotheke.at\/katalog\/wp-json\/wp\/v2\/product"}],"about":[{"href":"https:\/\/www.ernstbrunn-apotheke.at\/katalog\/wp-json\/wp\/v2\/types\/product"}],"wp:featuredmedia":[{"embeddable":true,"href":"https:\/\/www.ernstbrunn-apotheke.at\/katalog\/wp-json\/wp\/v2\/media\/50683"}],"wp:attachment":[{"href":"https:\/\/www.ernstbrunn-apotheke.at\/katalog\/wp-json\/wp\/v2\/media?parent=50681"}],"wp:term":[{"taxonomy":"product_brand","embeddable":true,"href":"https:\/\/www.ernstbrunn-apotheke.at\/katalog\/wp-json\/wp\/v2\/product_brand?post=50681"},{"taxonomy":"product_cat","embeddable":true,"href":"https:\/\/www.ernstbrunn-apotheke.at\/katalog\/wp-json\/wp\/v2\/product_cat?post=50681"},{"taxonomy":"product_tag","embeddable":true,"href":"https:\/\/www.ernstbrunn-apotheke.at\/katalog\/wp-json\/wp\/v2\/product_tag?post=50681"}],"curies":[{"name":"wp","href":"https:\/\/api.w.org\/{rel}","templated":true}]}}