{"id":50647,"date":"2025-11-10T18:48:50","date_gmt":"2025-11-10T17:48:50","guid":{"rendered":"https:\/\/www.ernstbrunn-apotheke.at\/katalog\/produkt\/petrasch-anthozym-saft-alkoholfrei-495-ml\/"},"modified":"2025-12-08T16:43:17","modified_gmt":"2025-12-08T15:43:17","slug":"petrasch-anthozym-saft-alkoholfrei-495-ml","status":"publish","type":"product","link":"https:\/\/www.ernstbrunn-apotheke.at\/katalog\/produkt\/petrasch-anthozym-saft-alkoholfrei-495-ml\/","title":{"rendered":"Petrasch Anthozym Saft alkoholfrei 495 ml"},"content":{"rendered":"<p>ANTHOZYM Petrasch ist ein aussergew\u00f6hnliches Nahrungserg\u00e4nzungsmittel mit hoch konzentriertem Rote R\u00fcben Extrakt, Rechtsdrehender Milchs\u00e4ure, Mineralien und Vitaminen. ANTHOZYM ist ein fein abgestimmtes System von Zutaten, die sich in Ihrer Wirkung erg\u00e4nzen und gegenseitig unterst\u00fctzten. Eisen tr\u00e4gt zur normalen Bildung von roten Blutk\u00f6rperchen und H\u00e4moglobin bei, Vitamin B12 f\u00f6rdert eine normale Funktion des Immunsystems und Magnesium verringert M\u00fcdigkeit und Erm\u00fcdung.<\/p>\n","protected":false},"excerpt":{"rendered":"<p>ANTHOZYM Petrasch ist ein aussergew\u00f6hnliches Nahrungserg\u00e4nzungsmittel mit hoch konzentriertem Rote R\u00fcben Extrakt, Rechtsdrehender Milchs\u00e4ure, Mineralien und Vitaminen. ANTHOZYM ist ein fein abgestimmtes System von Zutaten, die sich in Ihrer Wirkung erg\u00e4nzen und gegenseitig unterst\u00fctzten. Eisen tr\u00e4gt zur normalen Bildung von roten Blutk\u00f6rperchen und H\u00e4moglobin bei, Vitamin B12 f\u00f6rdert eine normale Funktion des Immunsystems und Magnesium [&hellip;]<\/p>\n","protected":false},"featured_media":50649,"template":"","meta":{"_acf_changed":false},"product_brand":[579],"product_cat":[793],"product_tag":[],"class_list":{"0":"post-50647","1":"product","2":"type-product","3":"status-publish","4":"has-post-thumbnail","6":"product_brand-petrasch","7":"product_cat-p","8":"pa_packungsgroesse-495ml","10":"first","11":"instock","12":"shipping-taxable","13":"purchasable","14":"product-type-simple"},"acf":[],"_links":{"self":[{"href":"https:\/\/www.ernstbrunn-apotheke.at\/katalog\/wp-json\/wp\/v2\/product\/50647","targetHints":{"allow":["GET"]}}],"collection":[{"href":"https:\/\/www.ernstbrunn-apotheke.at\/katalog\/wp-json\/wp\/v2\/product"}],"about":[{"href":"https:\/\/www.ernstbrunn-apotheke.at\/katalog\/wp-json\/wp\/v2\/types\/product"}],"wp:featuredmedia":[{"embeddable":true,"href":"https:\/\/www.ernstbrunn-apotheke.at\/katalog\/wp-json\/wp\/v2\/media\/50649"}],"wp:attachment":[{"href":"https:\/\/www.ernstbrunn-apotheke.at\/katalog\/wp-json\/wp\/v2\/media?parent=50647"}],"wp:term":[{"taxonomy":"product_brand","embeddable":true,"href":"https:\/\/www.ernstbrunn-apotheke.at\/katalog\/wp-json\/wp\/v2\/product_brand?post=50647"},{"taxonomy":"product_cat","embeddable":true,"href":"https:\/\/www.ernstbrunn-apotheke.at\/katalog\/wp-json\/wp\/v2\/product_cat?post=50647"},{"taxonomy":"product_tag","embeddable":true,"href":"https:\/\/www.ernstbrunn-apotheke.at\/katalog\/wp-json\/wp\/v2\/product_tag?post=50647"}],"curies":[{"name":"wp","href":"https:\/\/api.w.org\/{rel}","templated":true}]}}