{"id":50604,"date":"2025-11-10T18:47:21","date_gmt":"2025-11-10T17:47:21","guid":{"rendered":"https:\/\/www.ernstbrunn-apotheke.at\/katalog\/produkt\/sanostol-multi-vitamine-saft-plus-eisen\/"},"modified":"2025-12-08T16:43:09","modified_gmt":"2025-12-08T15:43:09","slug":"sanostol-multi-vitamine-saft-plus-eisen","status":"publish","type":"product","link":"https:\/\/www.ernstbrunn-apotheke.at\/katalog\/produkt\/sanostol-multi-vitamine-saft-plus-eisen\/","title":{"rendered":"Sanostol Multi-Vitamine Saft plus Eisen"},"content":{"rendered":"<p>Sanostol Multivitamin plus Eisen f\u00fcr Kinder ab 6 Jahre, Jugendliche und Erwachsene. Der Saft eignet sich vor allem f\u00fcr Jugendliche im Wachstum,  Frauen im geb\u00e4rf\u00e4higen Alter, die erh\u00f6hten Eisenbedarf haben, sowie Vegetarier und Veganer. Ein m\u00f6glicher Eisenmangel kannwirksam vorgebeugt werden &#8211;<\/p>\n","protected":false},"excerpt":{"rendered":"<p>Sanostol Multivitamin plus Eisen f\u00fcr Kinder ab 6 Jahre, Jugendliche und Erwachsene. Der Saft eignet sich vor allem f\u00fcr Jugendliche im Wachstum, Frauen im geb\u00e4rf\u00e4higen Alter, die erh\u00f6hten Eisenbedarf haben, sowie Vegetarier und Veganer. Ein m\u00f6glicher Eisenmangel kannwirksam vorgebeugt werden &#8211;<\/p>\n","protected":false},"featured_media":50606,"template":"","meta":{"_acf_changed":false},"product_brand":[1047],"product_cat":[791],"product_tag":[],"class_list":{"0":"post-50604","1":"product","2":"type-product","3":"status-publish","4":"has-post-thumbnail","6":"product_brand-sanostol","7":"product_cat-s","8":"pa_geschmack-orange-grapefruit","9":"pa_packungsgroesse-460ml","11":"first","12":"instock","13":"shipping-taxable","14":"purchasable","15":"product-type-simple"},"acf":[],"_links":{"self":[{"href":"https:\/\/www.ernstbrunn-apotheke.at\/katalog\/wp-json\/wp\/v2\/product\/50604","targetHints":{"allow":["GET"]}}],"collection":[{"href":"https:\/\/www.ernstbrunn-apotheke.at\/katalog\/wp-json\/wp\/v2\/product"}],"about":[{"href":"https:\/\/www.ernstbrunn-apotheke.at\/katalog\/wp-json\/wp\/v2\/types\/product"}],"wp:featuredmedia":[{"embeddable":true,"href":"https:\/\/www.ernstbrunn-apotheke.at\/katalog\/wp-json\/wp\/v2\/media\/50606"}],"wp:attachment":[{"href":"https:\/\/www.ernstbrunn-apotheke.at\/katalog\/wp-json\/wp\/v2\/media?parent=50604"}],"wp:term":[{"taxonomy":"product_brand","embeddable":true,"href":"https:\/\/www.ernstbrunn-apotheke.at\/katalog\/wp-json\/wp\/v2\/product_brand?post=50604"},{"taxonomy":"product_cat","embeddable":true,"href":"https:\/\/www.ernstbrunn-apotheke.at\/katalog\/wp-json\/wp\/v2\/product_cat?post=50604"},{"taxonomy":"product_tag","embeddable":true,"href":"https:\/\/www.ernstbrunn-apotheke.at\/katalog\/wp-json\/wp\/v2\/product_tag?post=50604"}],"curies":[{"name":"wp","href":"https:\/\/api.w.org\/{rel}","templated":true}]}}