{"id":50567,"date":"2025-11-10T18:46:33","date_gmt":"2025-11-10T17:46:33","guid":{"rendered":"https:\/\/www.ernstbrunn-apotheke.at\/katalog\/produkt\/sanostol-multi-vitamine-multivitaminsaft-ohne-zucker\/"},"modified":"2025-12-08T16:43:02","modified_gmt":"2025-12-08T15:43:02","slug":"sanostol-multi-vitamine-multivitaminsaft-ohne-zucker","status":"publish","type":"product","link":"https:\/\/www.ernstbrunn-apotheke.at\/katalog\/produkt\/sanostol-multi-vitamine-multivitaminsaft-ohne-zucker\/","title":{"rendered":"Sanostol Multi-Vitamine Multivitaminsaft ohne Zucker"},"content":{"rendered":"<p>Sanostol Multivitaminsaft ohne Zucker enth\u00e4lt 9 verschiedene Vitamine und \u00fcberzeugt mit besonders gutem Geschmack. Der Saft erm\u00f6glicht es den K\u00f6rper gezielt durch Vitamine, welche der K\u00f6rper nicht selbst bilden kann zu erg\u00e4nzen.<\/p>\n","protected":false},"excerpt":{"rendered":"<p>Sanostol Multivitaminsaft ohne Zucker enth\u00e4lt 9 verschiedene Vitamine und \u00fcberzeugt mit besonders gutem Geschmack. Der Saft erm\u00f6glicht es den K\u00f6rper gezielt durch Vitamine, welche der K\u00f6rper nicht selbst bilden kann zu erg\u00e4nzen.<\/p>\n","protected":false},"featured_media":50569,"template":"","meta":{"_acf_changed":false},"product_brand":[1047],"product_cat":[791],"product_tag":[],"class_list":{"0":"post-50567","1":"product","2":"type-product","3":"status-publish","4":"has-post-thumbnail","6":"product_brand-sanostol","7":"product_cat-s","8":"pa_geschmack-orange","9":"pa_packungsgroesse-230ml","10":"pa_packungsgroesse-460ml","12":"first","13":"instock","14":"shipping-taxable","15":"purchasable","16":"product-type-simple"},"acf":[],"_links":{"self":[{"href":"https:\/\/www.ernstbrunn-apotheke.at\/katalog\/wp-json\/wp\/v2\/product\/50567","targetHints":{"allow":["GET"]}}],"collection":[{"href":"https:\/\/www.ernstbrunn-apotheke.at\/katalog\/wp-json\/wp\/v2\/product"}],"about":[{"href":"https:\/\/www.ernstbrunn-apotheke.at\/katalog\/wp-json\/wp\/v2\/types\/product"}],"wp:featuredmedia":[{"embeddable":true,"href":"https:\/\/www.ernstbrunn-apotheke.at\/katalog\/wp-json\/wp\/v2\/media\/50569"}],"wp:attachment":[{"href":"https:\/\/www.ernstbrunn-apotheke.at\/katalog\/wp-json\/wp\/v2\/media?parent=50567"}],"wp:term":[{"taxonomy":"product_brand","embeddable":true,"href":"https:\/\/www.ernstbrunn-apotheke.at\/katalog\/wp-json\/wp\/v2\/product_brand?post=50567"},{"taxonomy":"product_cat","embeddable":true,"href":"https:\/\/www.ernstbrunn-apotheke.at\/katalog\/wp-json\/wp\/v2\/product_cat?post=50567"},{"taxonomy":"product_tag","embeddable":true,"href":"https:\/\/www.ernstbrunn-apotheke.at\/katalog\/wp-json\/wp\/v2\/product_tag?post=50567"}],"curies":[{"name":"wp","href":"https:\/\/api.w.org\/{rel}","templated":true}]}}