{"id":50557,"date":"2025-11-10T18:46:33","date_gmt":"2025-11-10T17:46:33","guid":{"rendered":"https:\/\/www.ernstbrunn-apotheke.at\/katalog\/produkt\/sanostol-multi-vitamine-saft-2\/"},"modified":"2025-12-08T16:43:01","modified_gmt":"2025-12-08T15:43:01","slug":"sanostol-multi-vitamine-saft-2","status":"publish","type":"product","link":"https:\/\/www.ernstbrunn-apotheke.at\/katalog\/produkt\/sanostol-multi-vitamine-saft-2\/","title":{"rendered":"Sanostol Multi-Vitamine Saft"},"content":{"rendered":"<p>Sanostol Multivitamin Saft enth\u00e4lt 9 Vitamine und schmeckt besonders gut. Die Ern\u00e4hrung kann durch die t\u00e4gliche Einnahme gezielt und auf leckere Art erg\u00e4nzen.<\/p>\n","protected":false},"excerpt":{"rendered":"<p>Sanostol Multivitamin Saft enth\u00e4lt 9 Vitamine und schmeckt besonders gut. Die Ern\u00e4hrung kann durch die t\u00e4gliche Einnahme gezielt und auf leckere Art erg\u00e4nzen.<\/p>\n","protected":false},"featured_media":50559,"template":"","meta":{"_acf_changed":false},"product_brand":[1047],"product_cat":[791],"product_tag":[],"class_list":{"0":"post-50557","1":"product","2":"type-product","3":"status-publish","4":"has-post-thumbnail","6":"product_brand-sanostol","7":"product_cat-s","8":"pa_geschmack-orange","9":"pa_packungsgroesse-230ml","11":"first","12":"instock","13":"shipping-taxable","14":"purchasable","15":"product-type-simple"},"acf":[],"_links":{"self":[{"href":"https:\/\/www.ernstbrunn-apotheke.at\/katalog\/wp-json\/wp\/v2\/product\/50557","targetHints":{"allow":["GET"]}}],"collection":[{"href":"https:\/\/www.ernstbrunn-apotheke.at\/katalog\/wp-json\/wp\/v2\/product"}],"about":[{"href":"https:\/\/www.ernstbrunn-apotheke.at\/katalog\/wp-json\/wp\/v2\/types\/product"}],"wp:featuredmedia":[{"embeddable":true,"href":"https:\/\/www.ernstbrunn-apotheke.at\/katalog\/wp-json\/wp\/v2\/media\/50559"}],"wp:attachment":[{"href":"https:\/\/www.ernstbrunn-apotheke.at\/katalog\/wp-json\/wp\/v2\/media?parent=50557"}],"wp:term":[{"taxonomy":"product_brand","embeddable":true,"href":"https:\/\/www.ernstbrunn-apotheke.at\/katalog\/wp-json\/wp\/v2\/product_brand?post=50557"},{"taxonomy":"product_cat","embeddable":true,"href":"https:\/\/www.ernstbrunn-apotheke.at\/katalog\/wp-json\/wp\/v2\/product_cat?post=50557"},{"taxonomy":"product_tag","embeddable":true,"href":"https:\/\/www.ernstbrunn-apotheke.at\/katalog\/wp-json\/wp\/v2\/product_tag?post=50557"}],"curies":[{"name":"wp","href":"https:\/\/api.w.org\/{rel}","templated":true}]}}