{"id":50417,"date":"2025-11-10T18:43:17","date_gmt":"2025-11-10T17:43:17","guid":{"rendered":"https:\/\/www.ernstbrunn-apotheke.at\/katalog\/produkt\/pure-encapsulations-all-in-one-60-stk\/"},"modified":"2025-12-08T16:42:37","modified_gmt":"2025-12-08T15:42:37","slug":"pure-encapsulations-all-in-one-60-stk","status":"publish","type":"product","link":"https:\/\/www.ernstbrunn-apotheke.at\/katalog\/produkt\/pure-encapsulations-all-in-one-60-stk\/","title":{"rendered":"Pure Encapsulations All-in-one 60 Stk."},"content":{"rendered":"<p>Pure Encapsulations All-in-one liefert Vitamine, Mineralstoffe &#038; Spurenelemente f\u00fcr die t\u00e4gliche Basisversorgung &#038; unterst\u00fctzt mit Zink und Vitamin C ein starkes Immunsystem.<\/p>\n","protected":false},"excerpt":{"rendered":"<p>Pure Encapsulations All-in-one liefert Vitamine, Mineralstoffe &#038; Spurenelemente f\u00fcr die t\u00e4gliche Basisversorgung &#038; unterst\u00fctzt mit Zink und Vitamin C ein starkes Immunsystem.<\/p>\n","protected":false},"featured_media":50419,"template":"","meta":{"_acf_changed":false},"product_brand":[336],"product_cat":[793],"product_tag":[],"class_list":{"0":"post-50417","1":"product","2":"type-product","3":"status-publish","4":"has-post-thumbnail","6":"product_brand-pure-encapsulations","7":"product_cat-p","8":"pa_packungsgroesse-120-stueck","9":"pa_packungsgroesse-60-stueck","11":"first","12":"instock","13":"shipping-taxable","14":"purchasable","15":"product-type-simple"},"acf":[],"_links":{"self":[{"href":"https:\/\/www.ernstbrunn-apotheke.at\/katalog\/wp-json\/wp\/v2\/product\/50417","targetHints":{"allow":["GET"]}}],"collection":[{"href":"https:\/\/www.ernstbrunn-apotheke.at\/katalog\/wp-json\/wp\/v2\/product"}],"about":[{"href":"https:\/\/www.ernstbrunn-apotheke.at\/katalog\/wp-json\/wp\/v2\/types\/product"}],"wp:featuredmedia":[{"embeddable":true,"href":"https:\/\/www.ernstbrunn-apotheke.at\/katalog\/wp-json\/wp\/v2\/media\/50419"}],"wp:attachment":[{"href":"https:\/\/www.ernstbrunn-apotheke.at\/katalog\/wp-json\/wp\/v2\/media?parent=50417"}],"wp:term":[{"taxonomy":"product_brand","embeddable":true,"href":"https:\/\/www.ernstbrunn-apotheke.at\/katalog\/wp-json\/wp\/v2\/product_brand?post=50417"},{"taxonomy":"product_cat","embeddable":true,"href":"https:\/\/www.ernstbrunn-apotheke.at\/katalog\/wp-json\/wp\/v2\/product_cat?post=50417"},{"taxonomy":"product_tag","embeddable":true,"href":"https:\/\/www.ernstbrunn-apotheke.at\/katalog\/wp-json\/wp\/v2\/product_tag?post=50417"}],"curies":[{"name":"wp","href":"https:\/\/api.w.org\/{rel}","templated":true}]}}