{"id":50407,"date":"2025-11-10T18:43:17","date_gmt":"2025-11-10T17:43:17","guid":{"rendered":"https:\/\/www.ernstbrunn-apotheke.at\/katalog\/produkt\/supradyn-active-brausetabletten\/"},"modified":"2025-12-08T16:42:36","modified_gmt":"2025-12-08T15:42:36","slug":"supradyn-active-brausetabletten","status":"publish","type":"product","link":"https:\/\/www.ernstbrunn-apotheke.at\/katalog\/produkt\/supradyn-active-brausetabletten\/","title":{"rendered":"Supradyn\u00ae active Brausetabletten"},"content":{"rendered":"<p>Supradyn\u00ae active aktiviert die nat\u00fcrliche Energie. Die spezielle Formulierung mit zahlreichen Vitaminen und Mineralstoffe hilft, das k\u00f6rpereigene Energiepotential besser freizusetzen. Die Vitamine C und E sowie Selen &#038; und Zink sch\u00fctzen die Zellen vor oxidativem Stress durch freie Radikale.<\/p>\n","protected":false},"excerpt":{"rendered":"<p>Supradyn\u00ae active aktiviert die nat\u00fcrliche Energie. Die spezielle Formulierung mit zahlreichen Vitaminen und Mineralstoffe hilft, das k\u00f6rpereigene Energiepotential besser freizusetzen. Die Vitamine C und E sowie Selen &#038; und Zink sch\u00fctzen die Zellen vor oxidativem Stress durch freie Radikale.<\/p>\n","protected":false},"featured_media":50409,"template":"","meta":{"_acf_changed":false},"product_brand":[460],"product_cat":[791],"product_tag":[],"class_list":{"0":"post-50407","1":"product","2":"type-product","3":"status-publish","4":"has-post-thumbnail","6":"product_brand-supradyn","7":"product_cat-s","8":"pa_packungsgroesse-30-stueck","10":"first","11":"instock","12":"shipping-taxable","13":"purchasable","14":"product-type-simple"},"acf":[],"_links":{"self":[{"href":"https:\/\/www.ernstbrunn-apotheke.at\/katalog\/wp-json\/wp\/v2\/product\/50407","targetHints":{"allow":["GET"]}}],"collection":[{"href":"https:\/\/www.ernstbrunn-apotheke.at\/katalog\/wp-json\/wp\/v2\/product"}],"about":[{"href":"https:\/\/www.ernstbrunn-apotheke.at\/katalog\/wp-json\/wp\/v2\/types\/product"}],"wp:featuredmedia":[{"embeddable":true,"href":"https:\/\/www.ernstbrunn-apotheke.at\/katalog\/wp-json\/wp\/v2\/media\/50409"}],"wp:attachment":[{"href":"https:\/\/www.ernstbrunn-apotheke.at\/katalog\/wp-json\/wp\/v2\/media?parent=50407"}],"wp:term":[{"taxonomy":"product_brand","embeddable":true,"href":"https:\/\/www.ernstbrunn-apotheke.at\/katalog\/wp-json\/wp\/v2\/product_brand?post=50407"},{"taxonomy":"product_cat","embeddable":true,"href":"https:\/\/www.ernstbrunn-apotheke.at\/katalog\/wp-json\/wp\/v2\/product_cat?post=50407"},{"taxonomy":"product_tag","embeddable":true,"href":"https:\/\/www.ernstbrunn-apotheke.at\/katalog\/wp-json\/wp\/v2\/product_tag?post=50407"}],"curies":[{"name":"wp","href":"https:\/\/api.w.org\/{rel}","templated":true}]}}