{"id":50387,"date":"2025-11-10T18:43:17","date_gmt":"2025-11-10T17:43:17","guid":{"rendered":"https:\/\/www.ernstbrunn-apotheke.at\/katalog\/produkt\/supradyn-forte-brausetabletten\/"},"modified":"2025-12-08T16:42:33","modified_gmt":"2025-12-08T15:42:33","slug":"supradyn-forte-brausetabletten","status":"publish","type":"product","link":"https:\/\/www.ernstbrunn-apotheke.at\/katalog\/produkt\/supradyn-forte-brausetabletten\/","title":{"rendered":"Supradyn forte Brausetabletten"},"content":{"rendered":"<p>Supradyn Forte Brausetabletten sind ein Multivitaminpr\u00e4parat mit 13 Vitaminen, 9 Mineralstoffen und Spurenelementen. Supradyn forte versorgt durch seine spezielle Zusammensetzung und Dosierung den K\u00f6rper in Zeiten erh\u00f6hter Belastung (Stress, M\u00fcdigkeit, Krankheit) gezielt mit Vitaminen, Mineralstoffen und Spurenelementen. Damit tr\u00e4gt Supradyn forte zur St\u00e4rkung des Immunsystems bei und hilft, fehlende Energie- Reserven wieder aufzuf\u00fcllen.<\/p>\n","protected":false},"excerpt":{"rendered":"<p>Supradyn Forte Brausetabletten sind ein Multivitaminpr\u00e4parat mit 13 Vitaminen, 9 Mineralstoffen und Spurenelementen. Supradyn forte versorgt durch seine spezielle Zusammensetzung und Dosierung den K\u00f6rper in Zeiten erh\u00f6hter Belastung (Stress, M\u00fcdigkeit, Krankheit) gezielt mit Vitaminen, Mineralstoffen und Spurenelementen. Damit tr\u00e4gt Supradyn forte zur St\u00e4rkung des Immunsystems bei und hilft, fehlende Energie- Reserven wieder aufzuf\u00fcllen.<\/p>\n","protected":false},"featured_media":50389,"template":"","meta":{"_acf_changed":false},"product_brand":[460],"product_cat":[791],"product_tag":[],"class_list":{"0":"post-50387","1":"product","2":"type-product","3":"status-publish","4":"has-post-thumbnail","6":"product_brand-supradyn","7":"product_cat-s","8":"pa_packungsgroesse-30-stueck","10":"first","11":"instock","12":"shipping-taxable","13":"purchasable","14":"product-type-simple"},"acf":[],"_links":{"self":[{"href":"https:\/\/www.ernstbrunn-apotheke.at\/katalog\/wp-json\/wp\/v2\/product\/50387","targetHints":{"allow":["GET"]}}],"collection":[{"href":"https:\/\/www.ernstbrunn-apotheke.at\/katalog\/wp-json\/wp\/v2\/product"}],"about":[{"href":"https:\/\/www.ernstbrunn-apotheke.at\/katalog\/wp-json\/wp\/v2\/types\/product"}],"wp:featuredmedia":[{"embeddable":true,"href":"https:\/\/www.ernstbrunn-apotheke.at\/katalog\/wp-json\/wp\/v2\/media\/50389"}],"wp:attachment":[{"href":"https:\/\/www.ernstbrunn-apotheke.at\/katalog\/wp-json\/wp\/v2\/media?parent=50387"}],"wp:term":[{"taxonomy":"product_brand","embeddable":true,"href":"https:\/\/www.ernstbrunn-apotheke.at\/katalog\/wp-json\/wp\/v2\/product_brand?post=50387"},{"taxonomy":"product_cat","embeddable":true,"href":"https:\/\/www.ernstbrunn-apotheke.at\/katalog\/wp-json\/wp\/v2\/product_cat?post=50387"},{"taxonomy":"product_tag","embeddable":true,"href":"https:\/\/www.ernstbrunn-apotheke.at\/katalog\/wp-json\/wp\/v2\/product_tag?post=50387"}],"curies":[{"name":"wp","href":"https:\/\/api.w.org\/{rel}","templated":true}]}}