{"id":50363,"date":"2025-11-10T18:42:44","date_gmt":"2025-11-10T17:42:44","guid":{"rendered":"https:\/\/www.ernstbrunn-apotheke.at\/katalog\/produkt\/pure-encapsulations-magnesium-citrat-90-stk\/"},"modified":"2025-12-08T16:42:27","modified_gmt":"2025-12-08T15:42:27","slug":"pure-encapsulations-magnesium-citrat-90-stk","status":"publish","type":"product","link":"https:\/\/www.ernstbrunn-apotheke.at\/katalog\/produkt\/pure-encapsulations-magnesium-citrat-90-stk\/","title":{"rendered":"Pure Encapsulations Magnesium Citrat 90 Stk."},"content":{"rendered":"<p>Magnesium (Magnesiumcitrat) von Pure Encapsulations\u00ae ist der Mineralstoff, wenn du Unterst\u00fctzung f\u00fcr deine Muskeln und Nerven ben\u00f6tigst. Vor allem, wenn du t\u00e4glich unter Anspannung stehst, versuchst alle Termine unter einen Hut zu bringen und dich dann auch noch gerne beim Sport auspowerst, bis der Schwei\u00df fliest, kann dich der Mineralstoff ideal unterst\u00fctzen<\/p>\n","protected":false},"excerpt":{"rendered":"<p>Magnesium (Magnesiumcitrat) von Pure Encapsulations\u00ae ist der Mineralstoff, wenn du Unterst\u00fctzung f\u00fcr deine Muskeln und Nerven ben\u00f6tigst. Vor allem, wenn du t\u00e4glich unter Anspannung stehst, versuchst alle Termine unter einen Hut zu bringen und dich dann auch noch gerne beim Sport auspowerst, bis der Schwei\u00df fliest, kann dich der Mineralstoff ideal unterst\u00fctzen<\/p>\n","protected":false},"featured_media":50365,"template":"","meta":{"_acf_changed":false},"product_brand":[336],"product_cat":[793],"product_tag":[],"class_list":{"0":"post-50363","1":"product","2":"type-product","3":"status-publish","4":"has-post-thumbnail","6":"product_brand-pure-encapsulations","7":"product_cat-p","8":"pa_packungsgroesse-180-stueck","9":"pa_packungsgroesse-90-stueck","11":"first","12":"instock","13":"shipping-taxable","14":"purchasable","15":"product-type-simple"},"acf":[],"_links":{"self":[{"href":"https:\/\/www.ernstbrunn-apotheke.at\/katalog\/wp-json\/wp\/v2\/product\/50363","targetHints":{"allow":["GET"]}}],"collection":[{"href":"https:\/\/www.ernstbrunn-apotheke.at\/katalog\/wp-json\/wp\/v2\/product"}],"about":[{"href":"https:\/\/www.ernstbrunn-apotheke.at\/katalog\/wp-json\/wp\/v2\/types\/product"}],"wp:featuredmedia":[{"embeddable":true,"href":"https:\/\/www.ernstbrunn-apotheke.at\/katalog\/wp-json\/wp\/v2\/media\/50365"}],"wp:attachment":[{"href":"https:\/\/www.ernstbrunn-apotheke.at\/katalog\/wp-json\/wp\/v2\/media?parent=50363"}],"wp:term":[{"taxonomy":"product_brand","embeddable":true,"href":"https:\/\/www.ernstbrunn-apotheke.at\/katalog\/wp-json\/wp\/v2\/product_brand?post=50363"},{"taxonomy":"product_cat","embeddable":true,"href":"https:\/\/www.ernstbrunn-apotheke.at\/katalog\/wp-json\/wp\/v2\/product_cat?post=50363"},{"taxonomy":"product_tag","embeddable":true,"href":"https:\/\/www.ernstbrunn-apotheke.at\/katalog\/wp-json\/wp\/v2\/product_tag?post=50363"}],"curies":[{"name":"wp","href":"https:\/\/api.w.org\/{rel}","templated":true}]}}