{"id":50347,"date":"2025-11-10T18:42:44","date_gmt":"2025-11-10T17:42:44","guid":{"rendered":"https:\/\/www.ernstbrunn-apotheke.at\/katalog\/produkt\/florabio-kraeuterblut-saft\/"},"modified":"2025-12-08T16:42:24","modified_gmt":"2025-12-08T15:42:24","slug":"florabio-kraeuterblut-saft","status":"publish","type":"product","link":"https:\/\/www.ernstbrunn-apotheke.at\/katalog\/produkt\/florabio-kraeuterblut-saft\/","title":{"rendered":"Florabio Kr\u00e4uterblut-Saft"},"content":{"rendered":"<p>Florabio Kr\u00e4uterblut-Saf mit einem hohen Gehalt an zweiwertigem Eisen, sch\u00fctzt vor Eisenmangel, aktiviert die Sauerstoffversorgung und f\u00f6rdert die Vitalilt\u00e4t und Konzentrationsf\u00e4higkeit.<\/p>\n","protected":false},"excerpt":{"rendered":"<p>Florabio Kr\u00e4uterblut-Saf mit einem hohen Gehalt an zweiwertigem Eisen, sch\u00fctzt vor Eisenmangel, aktiviert die Sauerstoffversorgung und f\u00f6rdert die Vitalilt\u00e4t und Konzentrationsf\u00e4higkeit.<\/p>\n","protected":false},"featured_media":50349,"template":"","meta":{"_acf_changed":false},"product_brand":[],"product_cat":[809],"product_tag":[],"class_list":{"0":"post-50347","1":"product","2":"type-product","3":"status-publish","4":"has-post-thumbnail","6":"product_cat-f","7":"pa_packungsgroesse-250ml","8":"pa_packungsgroesse-500ml","10":"first","11":"instock","12":"shipping-taxable","13":"purchasable","14":"product-type-simple"},"acf":[],"_links":{"self":[{"href":"https:\/\/www.ernstbrunn-apotheke.at\/katalog\/wp-json\/wp\/v2\/product\/50347","targetHints":{"allow":["GET"]}}],"collection":[{"href":"https:\/\/www.ernstbrunn-apotheke.at\/katalog\/wp-json\/wp\/v2\/product"}],"about":[{"href":"https:\/\/www.ernstbrunn-apotheke.at\/katalog\/wp-json\/wp\/v2\/types\/product"}],"wp:featuredmedia":[{"embeddable":true,"href":"https:\/\/www.ernstbrunn-apotheke.at\/katalog\/wp-json\/wp\/v2\/media\/50349"}],"wp:attachment":[{"href":"https:\/\/www.ernstbrunn-apotheke.at\/katalog\/wp-json\/wp\/v2\/media?parent=50347"}],"wp:term":[{"taxonomy":"product_brand","embeddable":true,"href":"https:\/\/www.ernstbrunn-apotheke.at\/katalog\/wp-json\/wp\/v2\/product_brand?post=50347"},{"taxonomy":"product_cat","embeddable":true,"href":"https:\/\/www.ernstbrunn-apotheke.at\/katalog\/wp-json\/wp\/v2\/product_cat?post=50347"},{"taxonomy":"product_tag","embeddable":true,"href":"https:\/\/www.ernstbrunn-apotheke.at\/katalog\/wp-json\/wp\/v2\/product_tag?post=50347"}],"curies":[{"name":"wp","href":"https:\/\/api.w.org\/{rel}","templated":true}]}}