{"id":50328,"date":"2025-11-10T18:42:05","date_gmt":"2025-11-10T17:42:05","guid":{"rendered":"https:\/\/www.ernstbrunn-apotheke.at\/katalog\/produkt\/dr-boehm-magnesium-nur-1-dragee-taeglich-30-stk\/"},"modified":"2025-12-08T16:42:20","modified_gmt":"2025-12-08T15:42:20","slug":"dr-boehm-magnesium-nur-1-dragee-taeglich-30-stk","status":"publish","type":"product","link":"https:\/\/www.ernstbrunn-apotheke.at\/katalog\/produkt\/dr-boehm-magnesium-nur-1-dragee-taeglich-30-stk\/","title":{"rendered":"Dr. B\u00f6hm Magnesium nur 1 Dragee t\u00e4glich 30 Stk."},"content":{"rendered":"<p>Dr. B\u00f6hm Magnesium Dragees leisten einen Teil f\u00fcr den langfristigen Aufbau eines idealen Magnesiumspiegels und sind zudem sehr leicht vertr\u00e4glich. Magnesium tr\u00e4gt zur normalen Funktion von Muskeln, Nerven und Energiestoffwechsel bei. Zus\u00e4tzlich unterst\u00fctzt es gesunde Knochen und Z\u00e4hne und leistet einen wichtigen Beitrag zur Reduktion von M\u00fcdigkeit und Ersch\u00f6pfung.<\/p>\n","protected":false},"excerpt":{"rendered":"<p>Dr. B\u00f6hm Magnesium Dragees leisten einen Teil f\u00fcr den langfristigen Aufbau eines idealen Magnesiumspiegels und sind zudem sehr leicht vertr\u00e4glich. Magnesium tr\u00e4gt zur normalen Funktion von Muskeln, Nerven und Energiestoffwechsel bei. Zus\u00e4tzlich unterst\u00fctzt es gesunde Knochen und Z\u00e4hne und leistet einen wichtigen Beitrag zur Reduktion von M\u00fcdigkeit und Ersch\u00f6pfung.<\/p>\n","protected":false},"featured_media":50330,"template":"","meta":{"_acf_changed":false},"product_brand":[365],"product_cat":[792],"product_tag":[],"class_list":{"0":"post-50328","1":"product","2":"type-product","3":"status-publish","4":"has-post-thumbnail","6":"product_brand-dr-boehm","7":"product_cat-d","8":"pa_packungsgroesse-30-stueck","9":"pa_packungsgroesse-90-stueck","11":"first","12":"instock","13":"shipping-taxable","14":"purchasable","15":"product-type-simple"},"acf":[],"_links":{"self":[{"href":"https:\/\/www.ernstbrunn-apotheke.at\/katalog\/wp-json\/wp\/v2\/product\/50328","targetHints":{"allow":["GET"]}}],"collection":[{"href":"https:\/\/www.ernstbrunn-apotheke.at\/katalog\/wp-json\/wp\/v2\/product"}],"about":[{"href":"https:\/\/www.ernstbrunn-apotheke.at\/katalog\/wp-json\/wp\/v2\/types\/product"}],"wp:featuredmedia":[{"embeddable":true,"href":"https:\/\/www.ernstbrunn-apotheke.at\/katalog\/wp-json\/wp\/v2\/media\/50330"}],"wp:attachment":[{"href":"https:\/\/www.ernstbrunn-apotheke.at\/katalog\/wp-json\/wp\/v2\/media?parent=50328"}],"wp:term":[{"taxonomy":"product_brand","embeddable":true,"href":"https:\/\/www.ernstbrunn-apotheke.at\/katalog\/wp-json\/wp\/v2\/product_brand?post=50328"},{"taxonomy":"product_cat","embeddable":true,"href":"https:\/\/www.ernstbrunn-apotheke.at\/katalog\/wp-json\/wp\/v2\/product_cat?post=50328"},{"taxonomy":"product_tag","embeddable":true,"href":"https:\/\/www.ernstbrunn-apotheke.at\/katalog\/wp-json\/wp\/v2\/product_tag?post=50328"}],"curies":[{"name":"wp","href":"https:\/\/api.w.org\/{rel}","templated":true}]}}