{"id":50258,"date":"2025-11-10T18:40:51","date_gmt":"2025-11-10T17:40:51","guid":{"rendered":"https:\/\/www.ernstbrunn-apotheke.at\/katalog\/produkt\/sonnentor-kuehle-kanne-erdbeer-ingwer-tee-16-btl\/"},"modified":"2025-12-08T16:42:06","modified_gmt":"2025-12-08T15:42:06","slug":"sonnentor-kuehle-kanne-erdbeer-ingwer-tee-16-btl","status":"publish","type":"product","link":"https:\/\/www.ernstbrunn-apotheke.at\/katalog\/produkt\/sonnentor-kuehle-kanne-erdbeer-ingwer-tee-16-btl\/","title":{"rendered":"Sonnentor K\u00fchle Kanne Erdbeer-Ingwer Tee 16 Btl."},"content":{"rendered":"<p>Der Sonnentor K\u00fchle Kanne Erdbeer-Ingwer Tee in Kannenbeutel (16 Stk.) sorgt mit aromatischem Ingwer und fruchtigen Erdbeeren f\u00fcr eine sommerliche Erfrischung. Kalt aufgegossen und mit frischen Himbeeren und Zitronenmelisse aus dem Garten verfeinert, sorgt diese Komposition ganz schnell f\u00fcr Abk\u00fchlung und sommerliche Gef\u00fchle.<\/p>\n","protected":false},"excerpt":{"rendered":"<p>Der Sonnentor K\u00fchle Kanne Erdbeer-Ingwer Tee in Kannenbeutel (16 Stk.) sorgt mit aromatischem Ingwer und fruchtigen Erdbeeren f\u00fcr eine sommerliche Erfrischung. Kalt aufgegossen und mit frischen Himbeeren und Zitronenmelisse aus dem Garten verfeinert, sorgt diese Komposition ganz schnell f\u00fcr Abk\u00fchlung und sommerliche Gef\u00fchle.<\/p>\n","protected":false},"featured_media":50260,"template":"","meta":{"_acf_changed":false},"product_brand":[925],"product_cat":[791],"product_tag":[],"class_list":{"0":"post-50258","1":"product","2":"type-product","3":"status-publish","4":"has-post-thumbnail","6":"product_brand-sonnentor","7":"product_cat-s","8":"pa_packungsgroesse-16-beutel","10":"first","11":"instock","12":"shipping-taxable","13":"purchasable","14":"product-type-simple"},"acf":[],"_links":{"self":[{"href":"https:\/\/www.ernstbrunn-apotheke.at\/katalog\/wp-json\/wp\/v2\/product\/50258","targetHints":{"allow":["GET"]}}],"collection":[{"href":"https:\/\/www.ernstbrunn-apotheke.at\/katalog\/wp-json\/wp\/v2\/product"}],"about":[{"href":"https:\/\/www.ernstbrunn-apotheke.at\/katalog\/wp-json\/wp\/v2\/types\/product"}],"wp:featuredmedia":[{"embeddable":true,"href":"https:\/\/www.ernstbrunn-apotheke.at\/katalog\/wp-json\/wp\/v2\/media\/50260"}],"wp:attachment":[{"href":"https:\/\/www.ernstbrunn-apotheke.at\/katalog\/wp-json\/wp\/v2\/media?parent=50258"}],"wp:term":[{"taxonomy":"product_brand","embeddable":true,"href":"https:\/\/www.ernstbrunn-apotheke.at\/katalog\/wp-json\/wp\/v2\/product_brand?post=50258"},{"taxonomy":"product_cat","embeddable":true,"href":"https:\/\/www.ernstbrunn-apotheke.at\/katalog\/wp-json\/wp\/v2\/product_cat?post=50258"},{"taxonomy":"product_tag","embeddable":true,"href":"https:\/\/www.ernstbrunn-apotheke.at\/katalog\/wp-json\/wp\/v2\/product_tag?post=50258"}],"curies":[{"name":"wp","href":"https:\/\/api.w.org\/{rel}","templated":true}]}}