{"id":50232,"date":"2025-11-10T18:40:19","date_gmt":"2025-11-10T17:40:19","guid":{"rendered":"https:\/\/www.ernstbrunn-apotheke.at\/katalog\/produkt\/sonnentor-gruentee-zitronengras-18-btl-bio\/"},"modified":"2025-12-08T16:42:00","modified_gmt":"2025-12-08T15:42:00","slug":"sonnentor-gruentee-zitronengras-18-btl-bio","status":"publish","type":"product","link":"https:\/\/www.ernstbrunn-apotheke.at\/katalog\/produkt\/sonnentor-gruentee-zitronengras-18-btl-bio\/","title":{"rendered":"Sonnentor Gr\u00fcntee Zitronengras 18 Btl. BIO"},"content":{"rendered":"<p>Der Sonnentor Gr\u00fcntee Zitronengras in Beutelform (18 Stk.) ist bei allen Asia-Fans besonders beliebt. Die herben Chinesischen Gr\u00fcnteebl\u00e4tter, vereint mit erfrischendem Lemongras schmecken hervorragend zu Sushi &#038; Maki und allen anderen Gerichten der asiatischen K\u00fcche<\/p>\n","protected":false},"excerpt":{"rendered":"<p>Der Sonnentor Gr\u00fcntee Zitronengras in Beutelform (18 Stk.) ist bei allen Asia-Fans besonders beliebt. Die herben Chinesischen Gr\u00fcnteebl\u00e4tter, vereint mit erfrischendem Lemongras schmecken hervorragend zu Sushi &#038; Maki und allen anderen Gerichten der asiatischen K\u00fcche<\/p>\n","protected":false},"featured_media":50234,"template":"","meta":{"_acf_changed":false},"product_brand":[925],"product_cat":[791],"product_tag":[],"class_list":{"0":"post-50232","1":"product","2":"type-product","3":"status-publish","4":"has-post-thumbnail","6":"product_brand-sonnentor","7":"product_cat-s","8":"pa_packungsgroesse-18-beutel","10":"first","11":"instock","12":"shipping-taxable","13":"purchasable","14":"product-type-simple"},"acf":[],"_links":{"self":[{"href":"https:\/\/www.ernstbrunn-apotheke.at\/katalog\/wp-json\/wp\/v2\/product\/50232","targetHints":{"allow":["GET"]}}],"collection":[{"href":"https:\/\/www.ernstbrunn-apotheke.at\/katalog\/wp-json\/wp\/v2\/product"}],"about":[{"href":"https:\/\/www.ernstbrunn-apotheke.at\/katalog\/wp-json\/wp\/v2\/types\/product"}],"wp:featuredmedia":[{"embeddable":true,"href":"https:\/\/www.ernstbrunn-apotheke.at\/katalog\/wp-json\/wp\/v2\/media\/50234"}],"wp:attachment":[{"href":"https:\/\/www.ernstbrunn-apotheke.at\/katalog\/wp-json\/wp\/v2\/media?parent=50232"}],"wp:term":[{"taxonomy":"product_brand","embeddable":true,"href":"https:\/\/www.ernstbrunn-apotheke.at\/katalog\/wp-json\/wp\/v2\/product_brand?post=50232"},{"taxonomy":"product_cat","embeddable":true,"href":"https:\/\/www.ernstbrunn-apotheke.at\/katalog\/wp-json\/wp\/v2\/product_cat?post=50232"},{"taxonomy":"product_tag","embeddable":true,"href":"https:\/\/www.ernstbrunn-apotheke.at\/katalog\/wp-json\/wp\/v2\/product_tag?post=50232"}],"curies":[{"name":"wp","href":"https:\/\/api.w.org\/{rel}","templated":true}]}}