{"id":50204,"date":"2025-11-10T18:39:46","date_gmt":"2025-11-10T17:39:46","guid":{"rendered":"https:\/\/www.ernstbrunn-apotheke.at\/katalog\/produkt\/sonnentor-goldener-kurkuma-tee-18-btl-bio\/"},"modified":"2025-12-08T16:41:53","modified_gmt":"2025-12-08T15:41:53","slug":"sonnentor-goldener-kurkuma-tee-18-btl-bio","status":"publish","type":"product","link":"https:\/\/www.ernstbrunn-apotheke.at\/katalog\/produkt\/sonnentor-goldener-kurkuma-tee-18-btl-bio\/","title":{"rendered":"Sonnentor Goldener Kurkuma Tee 18 Btl. BIO"},"content":{"rendered":"<p>Der Sonnentor Goldener Kurkuma Tee in Beutelform (18 Stk.) unterst\u00fctzt bei allerlei jahreszeitenbedingten Beschwerden und schmeckt mit seinen exotischen Zutaten besonders w\u00fcrzig-frisch. Der Wirkstoff Curcumin, der im Kurkuma enthalten ist, wirkt schmerzlindernd, entz\u00fcndungshemmend und unterst\u00fctzt das Immunsystem auf viele Arten. Mit einem Schl\u00fcckchen Milch verfeinert, bietet der Goldene Kurkuma Tee eine hervorragende Alternative zu der gewohnten Tasse Kaffee<\/p>\n","protected":false},"excerpt":{"rendered":"<p>Der Sonnentor Goldener Kurkuma Tee in Beutelform (18 Stk.) unterst\u00fctzt bei allerlei jahreszeitenbedingten Beschwerden und schmeckt mit seinen exotischen Zutaten besonders w\u00fcrzig-frisch. Der Wirkstoff Curcumin, der im Kurkuma enthalten ist, wirkt schmerzlindernd, entz\u00fcndungshemmend und unterst\u00fctzt das Immunsystem auf viele Arten. Mit einem Schl\u00fcckchen Milch verfeinert, bietet der Goldene Kurkuma Tee eine hervorragende Alternative zu der [&hellip;]<\/p>\n","protected":false},"featured_media":50206,"template":"","meta":{"_acf_changed":false},"product_brand":[925],"product_cat":[791],"product_tag":[],"class_list":{"0":"post-50204","1":"product","2":"type-product","3":"status-publish","4":"has-post-thumbnail","6":"product_brand-sonnentor","7":"product_cat-s","8":"pa_packungsgroesse-18-beutel","10":"first","11":"instock","12":"shipping-taxable","13":"purchasable","14":"product-type-simple"},"acf":[],"_links":{"self":[{"href":"https:\/\/www.ernstbrunn-apotheke.at\/katalog\/wp-json\/wp\/v2\/product\/50204","targetHints":{"allow":["GET"]}}],"collection":[{"href":"https:\/\/www.ernstbrunn-apotheke.at\/katalog\/wp-json\/wp\/v2\/product"}],"about":[{"href":"https:\/\/www.ernstbrunn-apotheke.at\/katalog\/wp-json\/wp\/v2\/types\/product"}],"wp:featuredmedia":[{"embeddable":true,"href":"https:\/\/www.ernstbrunn-apotheke.at\/katalog\/wp-json\/wp\/v2\/media\/50206"}],"wp:attachment":[{"href":"https:\/\/www.ernstbrunn-apotheke.at\/katalog\/wp-json\/wp\/v2\/media?parent=50204"}],"wp:term":[{"taxonomy":"product_brand","embeddable":true,"href":"https:\/\/www.ernstbrunn-apotheke.at\/katalog\/wp-json\/wp\/v2\/product_brand?post=50204"},{"taxonomy":"product_cat","embeddable":true,"href":"https:\/\/www.ernstbrunn-apotheke.at\/katalog\/wp-json\/wp\/v2\/product_cat?post=50204"},{"taxonomy":"product_tag","embeddable":true,"href":"https:\/\/www.ernstbrunn-apotheke.at\/katalog\/wp-json\/wp\/v2\/product_tag?post=50204"}],"curies":[{"name":"wp","href":"https:\/\/api.w.org\/{rel}","templated":true}]}}