{"id":50154,"date":"2025-11-10T18:38:44","date_gmt":"2025-11-10T17:38:44","guid":{"rendered":"https:\/\/www.ernstbrunn-apotheke.at\/katalog\/produkt\/sidroga-bio-schwangerschaftstee-20-stk\/"},"modified":"2025-12-08T16:41:43","modified_gmt":"2025-12-08T15:41:43","slug":"sidroga-bio-schwangerschaftstee-20-stk","status":"publish","type":"product","link":"https:\/\/www.ernstbrunn-apotheke.at\/katalog\/produkt\/sidroga-bio-schwangerschaftstee-20-stk\/","title":{"rendered":"Sidroga BIO Schwangerschaftstee 20 Stk."},"content":{"rendered":"<p>Sidroga BIO Schwangerschaftstee enth\u00e4lt eine vielzahl an bek\u00f6mmlichen  Kr\u00e4utern wie unter anderem Melisse und Pfefferminze, abgerundet mit aromatischem Lemongras. Die wohltuende Kr\u00e4uterteemischung, basierend auf traditionellem Pflanzenwissen und wurde speziell auf die Bed\u00fcrfnisse von schwangeren Frauen abgestimmt. Das Produkt enth\u00e4lt ausschlie\u00dflich biologische Inhaltsstoffe.<\/p>\n","protected":false},"excerpt":{"rendered":"<p>Sidroga BIO Schwangerschaftstee enth\u00e4lt eine vielzahl an bek\u00f6mmlichen Kr\u00e4utern wie unter anderem Melisse und Pfefferminze, abgerundet mit aromatischem Lemongras. Die wohltuende Kr\u00e4uterteemischung, basierend auf traditionellem Pflanzenwissen und wurde speziell auf die Bed\u00fcrfnisse von schwangeren Frauen abgestimmt. Das Produkt enth\u00e4lt ausschlie\u00dflich biologische Inhaltsstoffe.<\/p>\n","protected":false},"featured_media":50156,"template":"","meta":{"_acf_changed":false},"product_brand":[1041],"product_cat":[791],"product_tag":[],"class_list":{"0":"post-50154","1":"product","2":"type-product","3":"status-publish","4":"has-post-thumbnail","6":"product_brand-sidroga","7":"product_cat-s","8":"pa_packungsgroesse-20-beutel","10":"first","11":"instock","12":"shipping-taxable","13":"purchasable","14":"product-type-simple"},"acf":[],"_links":{"self":[{"href":"https:\/\/www.ernstbrunn-apotheke.at\/katalog\/wp-json\/wp\/v2\/product\/50154","targetHints":{"allow":["GET"]}}],"collection":[{"href":"https:\/\/www.ernstbrunn-apotheke.at\/katalog\/wp-json\/wp\/v2\/product"}],"about":[{"href":"https:\/\/www.ernstbrunn-apotheke.at\/katalog\/wp-json\/wp\/v2\/types\/product"}],"wp:featuredmedia":[{"embeddable":true,"href":"https:\/\/www.ernstbrunn-apotheke.at\/katalog\/wp-json\/wp\/v2\/media\/50156"}],"wp:attachment":[{"href":"https:\/\/www.ernstbrunn-apotheke.at\/katalog\/wp-json\/wp\/v2\/media?parent=50154"}],"wp:term":[{"taxonomy":"product_brand","embeddable":true,"href":"https:\/\/www.ernstbrunn-apotheke.at\/katalog\/wp-json\/wp\/v2\/product_brand?post=50154"},{"taxonomy":"product_cat","embeddable":true,"href":"https:\/\/www.ernstbrunn-apotheke.at\/katalog\/wp-json\/wp\/v2\/product_cat?post=50154"},{"taxonomy":"product_tag","embeddable":true,"href":"https:\/\/www.ernstbrunn-apotheke.at\/katalog\/wp-json\/wp\/v2\/product_tag?post=50154"}],"curies":[{"name":"wp","href":"https:\/\/api.w.org\/{rel}","templated":true}]}}