{"id":50094,"date":"2025-11-10T18:37:38","date_gmt":"2025-11-10T17:37:38","guid":{"rendered":"https:\/\/www.ernstbrunn-apotheke.at\/katalog\/produkt\/sidroga-tee-express-fruechte-fuchs-beutel-15-stk\/"},"modified":"2025-12-08T16:41:34","modified_gmt":"2025-12-08T15:41:34","slug":"sidroga-tee-express-fruechte-fuchs-beutel-15-stk","status":"publish","type":"product","link":"https:\/\/www.ernstbrunn-apotheke.at\/katalog\/produkt\/sidroga-tee-express-fruechte-fuchs-beutel-15-stk\/","title":{"rendered":"Sidroga Tee-Express Fr\u00fcchte Fuchs Beutel 15 Stk."},"content":{"rendered":"<p>Sidroge Tee-Express ist ein zu 100% pflanzlicher Kr\u00e4uter-Extrakttee f\u00fcr Kinder. Der Tee ist warm oder kalt sofort l\u00f6slich und besonders praktisch f\u00fcr unterwegs \u2013 jetzt stark preisreduziert bestellen.<\/p>\n","protected":false},"excerpt":{"rendered":"<p>Sidroge Tee-Express ist ein zu 100% pflanzlicher Kr\u00e4uter-Extrakttee f\u00fcr Kinder. Der Tee ist warm oder kalt sofort l\u00f6slich und besonders praktisch f\u00fcr unterwegs \u2013 jetzt stark preisreduziert bestellen.<\/p>\n","protected":false},"featured_media":50096,"template":"","meta":{"_acf_changed":false},"product_brand":[1041],"product_cat":[791],"product_tag":[],"class_list":{"0":"post-50094","1":"product","2":"type-product","3":"status-publish","4":"has-post-thumbnail","6":"product_brand-sidroga","7":"product_cat-s","8":"pa_packungsgroesse-15-beutel","10":"first","11":"instock","12":"shipping-taxable","13":"purchasable","14":"product-type-simple"},"acf":[],"_links":{"self":[{"href":"https:\/\/www.ernstbrunn-apotheke.at\/katalog\/wp-json\/wp\/v2\/product\/50094","targetHints":{"allow":["GET"]}}],"collection":[{"href":"https:\/\/www.ernstbrunn-apotheke.at\/katalog\/wp-json\/wp\/v2\/product"}],"about":[{"href":"https:\/\/www.ernstbrunn-apotheke.at\/katalog\/wp-json\/wp\/v2\/types\/product"}],"wp:featuredmedia":[{"embeddable":true,"href":"https:\/\/www.ernstbrunn-apotheke.at\/katalog\/wp-json\/wp\/v2\/media\/50096"}],"wp:attachment":[{"href":"https:\/\/www.ernstbrunn-apotheke.at\/katalog\/wp-json\/wp\/v2\/media?parent=50094"}],"wp:term":[{"taxonomy":"product_brand","embeddable":true,"href":"https:\/\/www.ernstbrunn-apotheke.at\/katalog\/wp-json\/wp\/v2\/product_brand?post=50094"},{"taxonomy":"product_cat","embeddable":true,"href":"https:\/\/www.ernstbrunn-apotheke.at\/katalog\/wp-json\/wp\/v2\/product_cat?post=50094"},{"taxonomy":"product_tag","embeddable":true,"href":"https:\/\/www.ernstbrunn-apotheke.at\/katalog\/wp-json\/wp\/v2\/product_tag?post=50094"}],"curies":[{"name":"wp","href":"https:\/\/api.w.org\/{rel}","templated":true}]}}