{"id":50090,"date":"2025-11-10T18:36:55","date_gmt":"2025-11-10T17:36:55","guid":{"rendered":"https:\/\/www.ernstbrunn-apotheke.at\/katalog\/produkt\/sidroga-wellness-entspannungstee-20-stk\/"},"modified":"2025-12-08T16:41:33","modified_gmt":"2025-12-08T15:41:33","slug":"sidroga-wellness-entspannungstee-20-stk","status":"publish","type":"product","link":"https:\/\/www.ernstbrunn-apotheke.at\/katalog\/produkt\/sidroga-wellness-entspannungstee-20-stk\/","title":{"rendered":"Sidroga Wellness Entspannungstee 20 Stk."},"content":{"rendered":"<p>Sidroga\u00ae Wellness Entspannungstee ist eine Komposition aus Orangenbl\u00fcten, Melissenbl\u00e4ttern, Verveine und Rosenbl\u00fcten verfeinert mit Brombeerbl\u00e4ttern, Lavendelbl\u00fcten und Hopfenzapfen. Er sorgt f\u00fcr entspannte Momente.<\/p>\n","protected":false},"excerpt":{"rendered":"<p>Sidroga\u00ae Wellness Entspannungstee ist eine Komposition aus Orangenbl\u00fcten, Melissenbl\u00e4ttern, Verveine und Rosenbl\u00fcten verfeinert mit Brombeerbl\u00e4ttern, Lavendelbl\u00fcten und Hopfenzapfen. Er sorgt f\u00fcr entspannte Momente.<\/p>\n","protected":false},"featured_media":50092,"template":"","meta":{"_acf_changed":false},"product_brand":[1041],"product_cat":[791],"product_tag":[],"class_list":{"0":"post-50090","1":"product","2":"type-product","3":"status-publish","4":"has-post-thumbnail","6":"product_brand-sidroga","7":"product_cat-s","8":"pa_packungsgroesse-20-beutel","10":"first","11":"instock","12":"shipping-taxable","13":"purchasable","14":"product-type-simple"},"acf":[],"_links":{"self":[{"href":"https:\/\/www.ernstbrunn-apotheke.at\/katalog\/wp-json\/wp\/v2\/product\/50090","targetHints":{"allow":["GET"]}}],"collection":[{"href":"https:\/\/www.ernstbrunn-apotheke.at\/katalog\/wp-json\/wp\/v2\/product"}],"about":[{"href":"https:\/\/www.ernstbrunn-apotheke.at\/katalog\/wp-json\/wp\/v2\/types\/product"}],"wp:featuredmedia":[{"embeddable":true,"href":"https:\/\/www.ernstbrunn-apotheke.at\/katalog\/wp-json\/wp\/v2\/media\/50092"}],"wp:attachment":[{"href":"https:\/\/www.ernstbrunn-apotheke.at\/katalog\/wp-json\/wp\/v2\/media?parent=50090"}],"wp:term":[{"taxonomy":"product_brand","embeddable":true,"href":"https:\/\/www.ernstbrunn-apotheke.at\/katalog\/wp-json\/wp\/v2\/product_brand?post=50090"},{"taxonomy":"product_cat","embeddable":true,"href":"https:\/\/www.ernstbrunn-apotheke.at\/katalog\/wp-json\/wp\/v2\/product_cat?post=50090"},{"taxonomy":"product_tag","embeddable":true,"href":"https:\/\/www.ernstbrunn-apotheke.at\/katalog\/wp-json\/wp\/v2\/product_tag?post=50090"}],"curies":[{"name":"wp","href":"https:\/\/api.w.org\/{rel}","templated":true}]}}