{"id":50046,"date":"2025-11-10T18:35:51","date_gmt":"2025-11-10T17:35:51","guid":{"rendered":"https:\/\/www.ernstbrunn-apotheke.at\/katalog\/produkt\/sidroga-bio-kinder-gute-nacht-tee-20-stk\/"},"modified":"2025-12-08T16:41:25","modified_gmt":"2025-12-08T15:41:25","slug":"sidroga-bio-kinder-gute-nacht-tee-20-stk","status":"publish","type":"product","link":"https:\/\/www.ernstbrunn-apotheke.at\/katalog\/produkt\/sidroga-bio-kinder-gute-nacht-tee-20-stk\/","title":{"rendered":"Sidroga BIO Kinder-Gute-Nacht-Tee 20 Stk."},"content":{"rendered":"<p>Sidroga Bio Kinder-Gute-Nacht-Tee enth\u00e4lt sorgsam ausgew\u00e4hlte und zusammengestellte Kr\u00e4uter wie Melisse, Passionsblume, Lavendel, Anis und Pfefferminzbl\u00e4tter. Der Tee eignet sich bereits f\u00fcr Kinder ab 4 Lebensmonat. Das Produkt enth\u00e4lt ausschlie\u00dflich biologische Inhaltsstoffe<\/p>\n","protected":false},"excerpt":{"rendered":"<p>Sidroga Bio Kinder-Gute-Nacht-Tee enth\u00e4lt sorgsam ausgew\u00e4hlte und zusammengestellte Kr\u00e4uter wie Melisse, Passionsblume, Lavendel, Anis und Pfefferminzbl\u00e4tter. Der Tee eignet sich bereits f\u00fcr Kinder ab 4 Lebensmonat. Das Produkt enth\u00e4lt ausschlie\u00dflich biologische Inhaltsstoffe<\/p>\n","protected":false},"featured_media":50048,"template":"","meta":{"_acf_changed":false},"product_brand":[1041],"product_cat":[791],"product_tag":[],"class_list":{"0":"post-50046","1":"product","2":"type-product","3":"status-publish","4":"has-post-thumbnail","6":"product_brand-sidroga","7":"product_cat-s","8":"pa_packungsgroesse-20-beutel","10":"first","11":"instock","12":"shipping-taxable","13":"purchasable","14":"product-type-simple"},"acf":[],"_links":{"self":[{"href":"https:\/\/www.ernstbrunn-apotheke.at\/katalog\/wp-json\/wp\/v2\/product\/50046","targetHints":{"allow":["GET"]}}],"collection":[{"href":"https:\/\/www.ernstbrunn-apotheke.at\/katalog\/wp-json\/wp\/v2\/product"}],"about":[{"href":"https:\/\/www.ernstbrunn-apotheke.at\/katalog\/wp-json\/wp\/v2\/types\/product"}],"wp:featuredmedia":[{"embeddable":true,"href":"https:\/\/www.ernstbrunn-apotheke.at\/katalog\/wp-json\/wp\/v2\/media\/50048"}],"wp:attachment":[{"href":"https:\/\/www.ernstbrunn-apotheke.at\/katalog\/wp-json\/wp\/v2\/media?parent=50046"}],"wp:term":[{"taxonomy":"product_brand","embeddable":true,"href":"https:\/\/www.ernstbrunn-apotheke.at\/katalog\/wp-json\/wp\/v2\/product_brand?post=50046"},{"taxonomy":"product_cat","embeddable":true,"href":"https:\/\/www.ernstbrunn-apotheke.at\/katalog\/wp-json\/wp\/v2\/product_cat?post=50046"},{"taxonomy":"product_tag","embeddable":true,"href":"https:\/\/www.ernstbrunn-apotheke.at\/katalog\/wp-json\/wp\/v2\/product_tag?post=50046"}],"curies":[{"name":"wp","href":"https:\/\/api.w.org\/{rel}","templated":true}]}}