{"id":50026,"date":"2025-11-10T18:35:51","date_gmt":"2025-11-10T17:35:51","guid":{"rendered":"https:\/\/www.ernstbrunn-apotheke.at\/katalog\/produkt\/sidroga-tee-mistel-20-stk\/"},"modified":"2025-12-08T16:41:23","modified_gmt":"2025-12-08T15:41:23","slug":"sidroga-tee-mistel-20-stk","status":"publish","type":"product","link":"https:\/\/www.ernstbrunn-apotheke.at\/katalog\/produkt\/sidroga-tee-mistel-20-stk\/","title":{"rendered":"Sidroga Tee Mistel 20 Stk."},"content":{"rendered":"<p>Sidroga Misteltee ist ein besonders bek\u00f6mmlicher Kr\u00e4utertee aus der Mistelpflanze. Er sorgt f\u00fcr einen milden Teegenuss nach uralter \u00dcberlieferung und findet seinen traditionsgem\u00e4\u00dfen Einsatz in der Steigerung des allgemeinen Wohlbefindens.<\/p>\n","protected":false},"excerpt":{"rendered":"<p>Sidroga Misteltee ist ein besonders bek\u00f6mmlicher Kr\u00e4utertee aus der Mistelpflanze. Er sorgt f\u00fcr einen milden Teegenuss nach uralter \u00dcberlieferung und findet seinen traditionsgem\u00e4\u00dfen Einsatz in der Steigerung des allgemeinen Wohlbefindens.<\/p>\n","protected":false},"featured_media":50028,"template":"","meta":{"_acf_changed":false},"product_brand":[1041],"product_cat":[791],"product_tag":[],"class_list":{"0":"post-50026","1":"product","2":"type-product","3":"status-publish","4":"has-post-thumbnail","6":"product_brand-sidroga","7":"product_cat-s","8":"pa_packungsgroesse-20-beutel","10":"first","11":"instock","12":"shipping-taxable","13":"purchasable","14":"product-type-simple"},"acf":[],"_links":{"self":[{"href":"https:\/\/www.ernstbrunn-apotheke.at\/katalog\/wp-json\/wp\/v2\/product\/50026","targetHints":{"allow":["GET"]}}],"collection":[{"href":"https:\/\/www.ernstbrunn-apotheke.at\/katalog\/wp-json\/wp\/v2\/product"}],"about":[{"href":"https:\/\/www.ernstbrunn-apotheke.at\/katalog\/wp-json\/wp\/v2\/types\/product"}],"wp:featuredmedia":[{"embeddable":true,"href":"https:\/\/www.ernstbrunn-apotheke.at\/katalog\/wp-json\/wp\/v2\/media\/50028"}],"wp:attachment":[{"href":"https:\/\/www.ernstbrunn-apotheke.at\/katalog\/wp-json\/wp\/v2\/media?parent=50026"}],"wp:term":[{"taxonomy":"product_brand","embeddable":true,"href":"https:\/\/www.ernstbrunn-apotheke.at\/katalog\/wp-json\/wp\/v2\/product_brand?post=50026"},{"taxonomy":"product_cat","embeddable":true,"href":"https:\/\/www.ernstbrunn-apotheke.at\/katalog\/wp-json\/wp\/v2\/product_cat?post=50026"},{"taxonomy":"product_tag","embeddable":true,"href":"https:\/\/www.ernstbrunn-apotheke.at\/katalog\/wp-json\/wp\/v2\/product_tag?post=50026"}],"curies":[{"name":"wp","href":"https:\/\/api.w.org\/{rel}","templated":true}]}}