{"id":49976,"date":"2025-11-10T18:34:44","date_gmt":"2025-11-10T17:34:44","guid":{"rendered":"https:\/\/www.ernstbrunn-apotheke.at\/katalog\/produkt\/sidroga-wellness-basentee-20-stk\/"},"modified":"2025-12-08T16:41:15","modified_gmt":"2025-12-08T15:41:15","slug":"sidroga-wellness-basentee-20-stk","status":"publish","type":"product","link":"https:\/\/www.ernstbrunn-apotheke.at\/katalog\/produkt\/sidroga-wellness-basentee-20-stk\/","title":{"rendered":"Sidroga Wellness Basentee 20 Stk."},"content":{"rendered":"<p>Sidroga\u00ae Wellness Basentee ist eine Mischung aus basischen Kr\u00e4utern wie Haferstroh, Brennnesseln, Fenchel, Melissenbl\u00e4ttern und L\u00f6wenzahnkraut. Der Tee l\u00e4dt zum Entspannen ein und bereichert jede ausgewogene Ern\u00e4hrung..<\/p>\n","protected":false},"excerpt":{"rendered":"<p>Sidroga\u00ae Wellness Basentee ist eine Mischung aus basischen Kr\u00e4utern wie Haferstroh, Brennnesseln, Fenchel, Melissenbl\u00e4ttern und L\u00f6wenzahnkraut. Der Tee l\u00e4dt zum Entspannen ein und bereichert jede ausgewogene Ern\u00e4hrung..<\/p>\n","protected":false},"featured_media":49978,"template":"","meta":{"_acf_changed":false},"product_brand":[1041],"product_cat":[791],"product_tag":[],"class_list":{"0":"post-49976","1":"product","2":"type-product","3":"status-publish","4":"has-post-thumbnail","6":"product_brand-sidroga","7":"product_cat-s","8":"pa_packungsgroesse-20-beutel","10":"first","11":"instock","12":"shipping-taxable","13":"purchasable","14":"product-type-simple"},"acf":[],"_links":{"self":[{"href":"https:\/\/www.ernstbrunn-apotheke.at\/katalog\/wp-json\/wp\/v2\/product\/49976","targetHints":{"allow":["GET"]}}],"collection":[{"href":"https:\/\/www.ernstbrunn-apotheke.at\/katalog\/wp-json\/wp\/v2\/product"}],"about":[{"href":"https:\/\/www.ernstbrunn-apotheke.at\/katalog\/wp-json\/wp\/v2\/types\/product"}],"wp:featuredmedia":[{"embeddable":true,"href":"https:\/\/www.ernstbrunn-apotheke.at\/katalog\/wp-json\/wp\/v2\/media\/49978"}],"wp:attachment":[{"href":"https:\/\/www.ernstbrunn-apotheke.at\/katalog\/wp-json\/wp\/v2\/media?parent=49976"}],"wp:term":[{"taxonomy":"product_brand","embeddable":true,"href":"https:\/\/www.ernstbrunn-apotheke.at\/katalog\/wp-json\/wp\/v2\/product_brand?post=49976"},{"taxonomy":"product_cat","embeddable":true,"href":"https:\/\/www.ernstbrunn-apotheke.at\/katalog\/wp-json\/wp\/v2\/product_cat?post=49976"},{"taxonomy":"product_tag","embeddable":true,"href":"https:\/\/www.ernstbrunn-apotheke.at\/katalog\/wp-json\/wp\/v2\/product_tag?post=49976"}],"curies":[{"name":"wp","href":"https:\/\/api.w.org\/{rel}","templated":true}]}}