{"id":49966,"date":"2025-11-10T18:34:44","date_gmt":"2025-11-10T17:34:44","guid":{"rendered":"https:\/\/www.ernstbrunn-apotheke.at\/katalog\/produkt\/sidroga-tee-ingwer-20-stk\/"},"modified":"2025-12-08T16:41:14","modified_gmt":"2025-12-08T15:41:14","slug":"sidroga-tee-ingwer-20-stk","status":"publish","type":"product","link":"https:\/\/www.ernstbrunn-apotheke.at\/katalog\/produkt\/sidroga-tee-ingwer-20-stk\/","title":{"rendered":"Sidroga Tee Ingwer 20 Stk."},"content":{"rendered":"<p>Arzneitees von Sidroga findet man in Deutschland, \u00d6sterreich und der Schweiz in fast jeder Apotheke. Apotheker und Apothekenkunden sch\u00e4tzen die hohe Qualit\u00e4t und Wirksamkeit der Tee-Produkte von Sidroga. Doch das Unternehmen definiert sich schon lange nicht mehr \u00fcber die Arzneitees allein. Sidroga bietet ein Sortiment mit einer Vielzahl von Tee- und Nicht-Teeprodukten. Nach der \u00dcbernahme von Valverde werden diese unter zwei Dachmarken vertrieben: Sidroga und Valverde.<\/p>\n","protected":false},"excerpt":{"rendered":"<p>Arzneitees von Sidroga findet man in Deutschland, \u00d6sterreich und der Schweiz in fast jeder Apotheke. Apotheker und Apothekenkunden sch\u00e4tzen die hohe Qualit\u00e4t und Wirksamkeit der Tee-Produkte von Sidroga. Doch das Unternehmen definiert sich schon lange nicht mehr \u00fcber die Arzneitees allein. Sidroga bietet ein Sortiment mit einer Vielzahl von Tee- und Nicht-Teeprodukten. Nach der \u00dcbernahme [&hellip;]<\/p>\n","protected":false},"featured_media":49968,"template":"","meta":{"_acf_changed":false},"product_brand":[1041],"product_cat":[791],"product_tag":[],"class_list":{"0":"post-49966","1":"product","2":"type-product","3":"status-publish","4":"has-post-thumbnail","6":"product_brand-sidroga","7":"product_cat-s","8":"pa_packungsgroesse-20-beutel","10":"first","11":"instock","12":"shipping-taxable","13":"purchasable","14":"product-type-simple"},"acf":[],"_links":{"self":[{"href":"https:\/\/www.ernstbrunn-apotheke.at\/katalog\/wp-json\/wp\/v2\/product\/49966","targetHints":{"allow":["GET"]}}],"collection":[{"href":"https:\/\/www.ernstbrunn-apotheke.at\/katalog\/wp-json\/wp\/v2\/product"}],"about":[{"href":"https:\/\/www.ernstbrunn-apotheke.at\/katalog\/wp-json\/wp\/v2\/types\/product"}],"wp:featuredmedia":[{"embeddable":true,"href":"https:\/\/www.ernstbrunn-apotheke.at\/katalog\/wp-json\/wp\/v2\/media\/49968"}],"wp:attachment":[{"href":"https:\/\/www.ernstbrunn-apotheke.at\/katalog\/wp-json\/wp\/v2\/media?parent=49966"}],"wp:term":[{"taxonomy":"product_brand","embeddable":true,"href":"https:\/\/www.ernstbrunn-apotheke.at\/katalog\/wp-json\/wp\/v2\/product_brand?post=49966"},{"taxonomy":"product_cat","embeddable":true,"href":"https:\/\/www.ernstbrunn-apotheke.at\/katalog\/wp-json\/wp\/v2\/product_cat?post=49966"},{"taxonomy":"product_tag","embeddable":true,"href":"https:\/\/www.ernstbrunn-apotheke.at\/katalog\/wp-json\/wp\/v2\/product_tag?post=49966"}],"curies":[{"name":"wp","href":"https:\/\/api.w.org\/{rel}","templated":true}]}}