{"id":49956,"date":"2025-11-10T18:34:44","date_gmt":"2025-11-10T17:34:44","guid":{"rendered":"https:\/\/www.ernstbrunn-apotheke.at\/katalog\/produkt\/sidroga-tee-weissdorn-20-stk\/"},"modified":"2025-12-08T16:41:12","modified_gmt":"2025-12-08T15:41:12","slug":"sidroga-tee-weissdorn-20-stk","status":"publish","type":"product","link":"https:\/\/www.ernstbrunn-apotheke.at\/katalog\/produkt\/sidroga-tee-weissdorn-20-stk\/","title":{"rendered":"Sidroga Tee Wei\u00dfdorn 20 Stk."},"content":{"rendered":"<p>Sidroga Wei\u00dfdorntee ist ein traditionelles pflanzliches Arzneimittel zur Unterst\u00fctzung der Herz-Kreislauffunktion bei beginnender Leistungsverminderung des Herzens mit Symptomen wie Abgeschlagenheit und M\u00fcdigkeit bei Belastung.<\/p>\n","protected":false},"excerpt":{"rendered":"<p>Sidroga Wei\u00dfdorntee ist ein traditionelles pflanzliches Arzneimittel zur Unterst\u00fctzung der Herz-Kreislauffunktion bei beginnender Leistungsverminderung des Herzens mit Symptomen wie Abgeschlagenheit und M\u00fcdigkeit bei Belastung.<\/p>\n","protected":false},"featured_media":49958,"template":"","meta":{"_acf_changed":false},"product_brand":[1041],"product_cat":[791],"product_tag":[],"class_list":{"0":"post-49956","1":"product","2":"type-product","3":"status-publish","4":"has-post-thumbnail","6":"product_brand-sidroga","7":"product_cat-s","8":"pa_packungsgroesse-20-beutel","10":"first","11":"instock","12":"shipping-taxable","13":"purchasable","14":"product-type-simple"},"acf":[],"_links":{"self":[{"href":"https:\/\/www.ernstbrunn-apotheke.at\/katalog\/wp-json\/wp\/v2\/product\/49956","targetHints":{"allow":["GET"]}}],"collection":[{"href":"https:\/\/www.ernstbrunn-apotheke.at\/katalog\/wp-json\/wp\/v2\/product"}],"about":[{"href":"https:\/\/www.ernstbrunn-apotheke.at\/katalog\/wp-json\/wp\/v2\/types\/product"}],"wp:featuredmedia":[{"embeddable":true,"href":"https:\/\/www.ernstbrunn-apotheke.at\/katalog\/wp-json\/wp\/v2\/media\/49958"}],"wp:attachment":[{"href":"https:\/\/www.ernstbrunn-apotheke.at\/katalog\/wp-json\/wp\/v2\/media?parent=49956"}],"wp:term":[{"taxonomy":"product_brand","embeddable":true,"href":"https:\/\/www.ernstbrunn-apotheke.at\/katalog\/wp-json\/wp\/v2\/product_brand?post=49956"},{"taxonomy":"product_cat","embeddable":true,"href":"https:\/\/www.ernstbrunn-apotheke.at\/katalog\/wp-json\/wp\/v2\/product_cat?post=49956"},{"taxonomy":"product_tag","embeddable":true,"href":"https:\/\/www.ernstbrunn-apotheke.at\/katalog\/wp-json\/wp\/v2\/product_tag?post=49956"}],"curies":[{"name":"wp","href":"https:\/\/api.w.org\/{rel}","templated":true}]}}