{"id":49893,"date":"2025-11-10T18:32:59","date_gmt":"2025-11-10T17:32:59","guid":{"rendered":"https:\/\/www.ernstbrunn-apotheke.at\/katalog\/produkt\/sidroga-lindenbluetentee-20-stk\/"},"modified":"2025-12-08T16:41:02","modified_gmt":"2025-12-08T15:41:02","slug":"sidroga-lindenbluetentee-20-stk","status":"publish","type":"product","link":"https:\/\/www.ernstbrunn-apotheke.at\/katalog\/produkt\/sidroga-lindenbluetentee-20-stk\/","title":{"rendered":"Sidroga Lindenbl\u00fctentee 20 Stk."},"content":{"rendered":"<p>Sidroga Lindenbl\u00fctentee dient der Anwendung bei ersten Symptomen von fieberhaften Erk\u00e4ltungskrankheiten. Der Tee wirkt als Schwitzkur und zur hilft au\u00dferdem bei Husten in Zusammenhang mit einer Erk\u00e4ltung.<\/p>\n","protected":false},"excerpt":{"rendered":"<p>Sidroga Lindenbl\u00fctentee dient der Anwendung bei ersten Symptomen von fieberhaften Erk\u00e4ltungskrankheiten. Der Tee wirkt als Schwitzkur und zur hilft au\u00dferdem bei Husten in Zusammenhang mit einer Erk\u00e4ltung.<\/p>\n","protected":false},"featured_media":49895,"template":"","meta":{"_acf_changed":false},"product_brand":[1041],"product_cat":[791],"product_tag":[],"class_list":{"0":"post-49893","1":"product","2":"type-product","3":"status-publish","4":"has-post-thumbnail","6":"product_brand-sidroga","7":"product_cat-s","8":"pa_packungsgroesse-20-beutel","10":"first","11":"instock","12":"shipping-taxable","13":"purchasable","14":"product-type-simple"},"acf":[],"_links":{"self":[{"href":"https:\/\/www.ernstbrunn-apotheke.at\/katalog\/wp-json\/wp\/v2\/product\/49893","targetHints":{"allow":["GET"]}}],"collection":[{"href":"https:\/\/www.ernstbrunn-apotheke.at\/katalog\/wp-json\/wp\/v2\/product"}],"about":[{"href":"https:\/\/www.ernstbrunn-apotheke.at\/katalog\/wp-json\/wp\/v2\/types\/product"}],"wp:featuredmedia":[{"embeddable":true,"href":"https:\/\/www.ernstbrunn-apotheke.at\/katalog\/wp-json\/wp\/v2\/media\/49895"}],"wp:attachment":[{"href":"https:\/\/www.ernstbrunn-apotheke.at\/katalog\/wp-json\/wp\/v2\/media?parent=49893"}],"wp:term":[{"taxonomy":"product_brand","embeddable":true,"href":"https:\/\/www.ernstbrunn-apotheke.at\/katalog\/wp-json\/wp\/v2\/product_brand?post=49893"},{"taxonomy":"product_cat","embeddable":true,"href":"https:\/\/www.ernstbrunn-apotheke.at\/katalog\/wp-json\/wp\/v2\/product_cat?post=49893"},{"taxonomy":"product_tag","embeddable":true,"href":"https:\/\/www.ernstbrunn-apotheke.at\/katalog\/wp-json\/wp\/v2\/product_tag?post=49893"}],"curies":[{"name":"wp","href":"https:\/\/api.w.org\/{rel}","templated":true}]}}