{"id":49888,"date":"2025-11-10T18:32:59","date_gmt":"2025-11-10T17:32:59","guid":{"rendered":"https:\/\/www.ernstbrunn-apotheke.at\/katalog\/produkt\/sidroga-tee-fenchel-anis-kuemmel-20-stk\/"},"modified":"2025-12-08T16:41:01","modified_gmt":"2025-12-08T15:41:01","slug":"sidroga-tee-fenchel-anis-kuemmel-20-stk","status":"publish","type":"product","link":"https:\/\/www.ernstbrunn-apotheke.at\/katalog\/produkt\/sidroga-tee-fenchel-anis-kuemmel-20-stk\/","title":{"rendered":"Sidroga Tee Fenchel Anis K\u00fcmmel 20 Stk."},"content":{"rendered":"<p>Sidroga Fenchel-Anis-K\u00fcmmel ist ein pflanzliches Arzneimittel bei Magen-Darm-Beschwerden. Sidroga Fenchel-Anis-K\u00fcmmel wird angewendet bei Magen-Darm-Beschwerden wie V\u00f6llegef\u00fchl, Bl\u00e4hungen und leichten krampfartigen Magen-Darm-St\u00f6rungen sowie bei nerv\u00f6sen Herz-Magen-Beschwerden..<\/p>\n","protected":false},"excerpt":{"rendered":"<p>Sidroga Fenchel-Anis-K\u00fcmmel ist ein pflanzliches Arzneimittel bei Magen-Darm-Beschwerden. Sidroga Fenchel-Anis-K\u00fcmmel wird angewendet bei Magen-Darm-Beschwerden wie V\u00f6llegef\u00fchl, Bl\u00e4hungen und leichten krampfartigen Magen-Darm-St\u00f6rungen sowie bei nerv\u00f6sen Herz-Magen-Beschwerden..<\/p>\n","protected":false},"featured_media":49890,"template":"","meta":{"_acf_changed":false},"product_brand":[1041],"product_cat":[791],"product_tag":[],"class_list":{"0":"post-49888","1":"product","2":"type-product","3":"status-publish","4":"has-post-thumbnail","6":"product_brand-sidroga","7":"product_cat-s","8":"pa_packungsgroesse-20-beutel","10":"first","11":"instock","12":"shipping-taxable","13":"purchasable","14":"product-type-simple"},"acf":[],"_links":{"self":[{"href":"https:\/\/www.ernstbrunn-apotheke.at\/katalog\/wp-json\/wp\/v2\/product\/49888","targetHints":{"allow":["GET"]}}],"collection":[{"href":"https:\/\/www.ernstbrunn-apotheke.at\/katalog\/wp-json\/wp\/v2\/product"}],"about":[{"href":"https:\/\/www.ernstbrunn-apotheke.at\/katalog\/wp-json\/wp\/v2\/types\/product"}],"wp:featuredmedia":[{"embeddable":true,"href":"https:\/\/www.ernstbrunn-apotheke.at\/katalog\/wp-json\/wp\/v2\/media\/49890"}],"wp:attachment":[{"href":"https:\/\/www.ernstbrunn-apotheke.at\/katalog\/wp-json\/wp\/v2\/media?parent=49888"}],"wp:term":[{"taxonomy":"product_brand","embeddable":true,"href":"https:\/\/www.ernstbrunn-apotheke.at\/katalog\/wp-json\/wp\/v2\/product_brand?post=49888"},{"taxonomy":"product_cat","embeddable":true,"href":"https:\/\/www.ernstbrunn-apotheke.at\/katalog\/wp-json\/wp\/v2\/product_cat?post=49888"},{"taxonomy":"product_tag","embeddable":true,"href":"https:\/\/www.ernstbrunn-apotheke.at\/katalog\/wp-json\/wp\/v2\/product_tag?post=49888"}],"curies":[{"name":"wp","href":"https:\/\/api.w.org\/{rel}","templated":true}]}}